{"id":1813663,"date":"2025-05-01T06:54:04","date_gmt":"2025-05-01T04:54:04","guid":{"rendered":"https:\/\/streetmarkets.fr\/app\/produit\/diaz-t-shirt\/"},"modified":"2026-03-16T05:47:41","modified_gmt":"2026-03-16T04:47:41","slug":"diaz-t-shirt","status":"publish","type":"product","link":"https:\/\/streetmarkets.fr\/app\/produit\/diaz-t-shirt\/","title":{"rendered":"Diaz T-Shirt"},"content":{"rendered":"<p dir=\"auto\">D\u00e9couvrez le t-shirt <strong>Diaz Series<\/strong>, une pi\u00e8ce incontournable de la nouvelle collection de la boutique Harold, situ\u00e9e dans le quartier embl\u00e9matique du Marais \u00e0 Paris. Ce t-shirt, con\u00e7u en collaboration avec <strong>l&#8217;artiste Josh Diaz <\/strong>(@Oldboy_Studio), se distingue par son design unique et sa qualit\u00e9 exceptionnelle.<\/p>\n<p dir=\"auto\">Fabriqu\u00e9 en <strong>coton 100% biologique<\/strong>, ce t-shirt offre un confort in\u00e9gal\u00e9 gr\u00e2ce \u00e0 son tissu heavyweight de <strong>280 GSM<\/strong>. Son<strong> imprim\u00e9 oversize au dos<\/strong>, inspir\u00e9 du style vintage, apporte une touche d&#8217;originalit\u00e9 et d&#8217;authenticit\u00e9 \u00e0 votre look. La signature Crew sur la poitrine ajoute une note subtile d&#8217;\u00e9l\u00e9gance.<\/p>\n<p dir=\"auto\">Avec ses coutures d&#8217;\u00e9paules r\u00e9guli\u00e8res et sa coupe parfaite, ce t-shirt est id\u00e9al pour un style d\u00e9contract\u00e9 mais soign\u00e9. Que vous soyez en qu\u00eate d&#8217;une pi\u00e8ce tendance ou d&#8217;un basique intemporel, le t-shirt Diaz Series est le choix parfait pour compl\u00e9ter votre garde-robe.<\/p>\n<p dir=\"auto\">Venez d\u00e9couvrir cette pi\u00e8ce exclusive chez Harold et laissez-vous s\u00e9duire par l&#8217;alliance parfaite entre art et mode.<\/p>\n","protected":false},"excerpt":{"rendered":"<p>D\u00e9couvrez le t-shirt Diaz Series, une pi\u00e8ce incontournable de la nouvelle collection de la boutique Harold, situ\u00e9e dans le quartier embl\u00e9matique du Marais \u00e0 Paris. Ce t-shirt, con\u00e7u en collaboration avec l&#8217;artiste Josh Diaz (@Oldboy_Studio), se distingue par son design unique et sa qualit\u00e9 exceptionnelle. Fabriqu\u00e9 en coton 100% biologique, ce t-shirt offre un confort [&hellip;]<\/p>\n","protected":false},"featured_media":1813664,"comment_status":"open","ping_status":"closed","template":"","meta":[],"product_brand":[],"product_cat":[1756,1758],"product_tag":[2244],"acf":[],"_links":{"self":[{"href":"https:\/\/streetmarkets.fr\/app\/wp-json\/wp\/v2\/product\/1813663"}],"collection":[{"href":"https:\/\/streetmarkets.fr\/app\/wp-json\/wp\/v2\/product"}],"about":[{"href":"https:\/\/streetmarkets.fr\/app\/wp-json\/wp\/v2\/types\/product"}],"replies":[{"embeddable":true,"href":"https:\/\/streetmarkets.fr\/app\/wp-json\/wp\/v2\/comments?post=1813663"}],"wp:featuredmedia":[{"embeddable":true,"href":"https:\/\/streetmarkets.fr\/app\/wp-json\/wp\/v2\/media\/1813664"}],"wp:attachment":[{"href":"https:\/\/streetmarkets.fr\/app\/wp-json\/wp\/v2\/media?parent=1813663"}],"wp:term":[{"taxonomy":"product_brand","embeddable":true,"href":"https:\/\/streetmarkets.fr\/app\/wp-json\/wp\/v2\/product_brand?post=1813663"},{"taxonomy":"product_cat","embeddable":true,"href":"https:\/\/streetmarkets.fr\/app\/wp-json\/wp\/v2\/product_cat?post=1813663"},{"taxonomy":"product_tag","embeddable":true,"href":"https:\/\/streetmarkets.fr\/app\/wp-json\/wp\/v2\/product_tag?post=1813663"}],"curies":[{"name":"wp","href":"https:\/\/api.w.org\/{rel}","templated":true}]}}