{"id":1813596,"date":"2025-05-01T06:53:56","date_gmt":"2025-05-01T04:53:56","guid":{"rendered":"https:\/\/streetmarkets.fr\/app\/produit\/regular-sun-shirt-ls-band\/"},"modified":"2026-03-16T05:47:41","modified_gmt":"2026-03-16T04:47:41","slug":"regular-sun-shirt-ls-band","status":"publish","type":"product","link":"https:\/\/streetmarkets.fr\/app\/produit\/regular-sun-shirt-ls-band\/","title":{"rendered":"Regular Sun Shirt LS Band"},"content":{"rendered":"<p dir=\"auto\">Adoptez le <strong>style estival <\/strong>avec la <strong>Regular Sun Shirt LS Band<\/strong> de la marque <strong>Selected<\/strong>, disponible chez Harold, votre boutique de <strong>pr\u00eat-\u00e0-porter homme<\/strong> situ\u00e9e \u00e0 Paris. Cette <strong>chemise en lin m\u00e9lang\u00e9<\/strong> est id\u00e9ale pour affronter la chaleur avec <strong>\u00e9l\u00e9gance et confort<\/strong>.<\/p>\n<p dir=\"auto\">Confectionn\u00e9e \u00e0 partir de coton et de lin, cette chemise offre une sensation de fra\u00eecheur <strong>parfaite pour les journ\u00e9es ensoleill\u00e9es<\/strong>. Ses manches longues peuvent \u00eatre retrouss\u00e9es pour un look d\u00e9contract\u00e9, tandis que le col droit et court apporte une touche moderne. Le boutonnage sur le devant et l&#8217;ourlet incurv\u00e9 compl\u00e8tent ce design intemporel.<\/p>\n<p dir=\"auto\">Portez cette chemise d\u00e9boutonn\u00e9e sur un t-shirt pour une tenue casual chic, ou associez-la \u00e0 un short chino et des sandales en cuir pour un style parfait pour la plage. La coupe classique de la <strong>Regular Sun Shirt LS Band<\/strong> en fait une pi\u00e8ce polyvalente, adapt\u00e9e \u00e0 toutes vos sorties estivales. Visitez notre<strong> boutique Harold <\/strong>pour d\u00e9couvrir cette pi\u00e8ce et compl\u00e9ter votre look avec d&#8217;autres articles de notre collection.<\/p>\n","protected":false},"excerpt":{"rendered":"<p>Adoptez le style estival avec la Regular Sun Shirt LS Band de la marque Selected, disponible chez Harold, votre boutique de pr\u00eat-\u00e0-porter homme situ\u00e9e \u00e0 Paris. Cette chemise en lin m\u00e9lang\u00e9 est id\u00e9ale pour affronter la chaleur avec \u00e9l\u00e9gance et confort. Confectionn\u00e9e \u00e0 partir de coton et de lin, cette chemise offre une sensation de [&hellip;]<\/p>\n","protected":false},"featured_media":1813597,"comment_status":"open","ping_status":"closed","template":"","meta":[],"product_brand":[],"product_cat":[1756,1758],"product_tag":[2244],"acf":[],"_links":{"self":[{"href":"https:\/\/streetmarkets.fr\/app\/wp-json\/wp\/v2\/product\/1813596"}],"collection":[{"href":"https:\/\/streetmarkets.fr\/app\/wp-json\/wp\/v2\/product"}],"about":[{"href":"https:\/\/streetmarkets.fr\/app\/wp-json\/wp\/v2\/types\/product"}],"replies":[{"embeddable":true,"href":"https:\/\/streetmarkets.fr\/app\/wp-json\/wp\/v2\/comments?post=1813596"}],"wp:featuredmedia":[{"embeddable":true,"href":"https:\/\/streetmarkets.fr\/app\/wp-json\/wp\/v2\/media\/1813597"}],"wp:attachment":[{"href":"https:\/\/streetmarkets.fr\/app\/wp-json\/wp\/v2\/media?parent=1813596"}],"wp:term":[{"taxonomy":"product_brand","embeddable":true,"href":"https:\/\/streetmarkets.fr\/app\/wp-json\/wp\/v2\/product_brand?post=1813596"},{"taxonomy":"product_cat","embeddable":true,"href":"https:\/\/streetmarkets.fr\/app\/wp-json\/wp\/v2\/product_cat?post=1813596"},{"taxonomy":"product_tag","embeddable":true,"href":"https:\/\/streetmarkets.fr\/app\/wp-json\/wp\/v2\/product_tag?post=1813596"}],"curies":[{"name":"wp","href":"https:\/\/api.w.org\/{rel}","templated":true}]}}