{"id":1813531,"date":"2025-05-01T06:53:31","date_gmt":"2025-05-01T04:53:31","guid":{"rendered":"https:\/\/streetmarkets.fr\/app\/produit\/carre-de-costume-marvin-hankie-kelp\/"},"modified":"2026-03-16T05:47:07","modified_gmt":"2026-03-16T04:47:07","slug":"carre-de-costume-marvin-hankie-kelp","status":"publish","type":"product","link":"https:\/\/streetmarkets.fr\/app\/produit\/carre-de-costume-marvin-hankie-kelp\/","title":{"rendered":"Carr\u00e9 de costume Marvin Hankie Kelp"},"content":{"rendered":"<p data-start=\"288\" data-end=\"652\" class=\"\">\u00c9l\u00e9gance discr\u00e8te et modernit\u00e9 s\u2019allient dans le <strong data-start=\"337\" data-end=\"360\">Marvin Hankie beige<\/strong> de Selected. Confectionn\u00e9 en <strong data-start=\"390\" data-end=\"410\">lin 100% naturel<\/strong>, ce carr\u00e9 de costume se distingue par sa <strong data-start=\"452\" data-end=\"475\">couleur beige douce<\/strong>, id\u00e9ale pour apporter une touche de lumi\u00e8re subtile \u00e0 vos ensembles. Les <strong data-start=\"549\" data-end=\"570\">bordures blanches<\/strong> viennent souligner la simplicit\u00e9 du design, cr\u00e9ant un contraste \u00e9l\u00e9gant et \u00e9pur\u00e9.<\/p>\n<p data-start=\"654\" data-end=\"964\" class=\"\">Le lin, reconnu pour sa l\u00e9g\u00e8ret\u00e9 et sa <strong>texture unique<\/strong>, offre \u00e0 ce mod\u00e8le un tomb\u00e9 naturel et une sensation de fra\u00eecheur, parfait pour les journ\u00e9es plus chaudes ou les looks estivaux. Ce carr\u00e9 <strong>se marie ais\u00e9ment avec un costume l\u00e9ger ou une veste d\u00e9contract\u00e9e<\/strong>, apportant une touche d\u2019\u00e9l\u00e9gance sans en faire trop.<\/p>\n<p data-start=\"966\" data-end=\"1196\" class=\"\">Un accessoire intemporel et polyvalent, parfait pour l\u2019homme qui privil\u00e9gie les <strong data-start=\"1046\" data-end=\"1066\">d\u00e9tails raffin\u00e9s<\/strong> et l\u2019<strong data-start=\"1072\" data-end=\"1089\">intemporalit\u00e9<\/strong> dans son style. \u00c0 d\u00e9couvrir chez <strong data-start=\"1123\" data-end=\"1139\">Harold Paris<\/strong>, votre r\u00e9f\u00e9rence en accessoires masculins haut de gamme.<\/p>\n","protected":false},"excerpt":{"rendered":"<p>\u00c9l\u00e9gance discr\u00e8te et modernit\u00e9 s\u2019allient dans le Marvin Hankie beige de Selected. Confectionn\u00e9 en lin 100% naturel, ce carr\u00e9 de costume se distingue par sa couleur beige douce, id\u00e9ale pour apporter une touche de lumi\u00e8re subtile \u00e0 vos ensembles. Les bordures blanches viennent souligner la simplicit\u00e9 du design, cr\u00e9ant un contraste \u00e9l\u00e9gant et \u00e9pur\u00e9. Le [&hellip;]<\/p>\n","protected":false},"featured_media":1813532,"comment_status":"open","ping_status":"closed","template":"","meta":[],"product_brand":[],"product_cat":[1756,1760],"product_tag":[2244],"acf":[],"_links":{"self":[{"href":"https:\/\/streetmarkets.fr\/app\/wp-json\/wp\/v2\/product\/1813531"}],"collection":[{"href":"https:\/\/streetmarkets.fr\/app\/wp-json\/wp\/v2\/product"}],"about":[{"href":"https:\/\/streetmarkets.fr\/app\/wp-json\/wp\/v2\/types\/product"}],"replies":[{"embeddable":true,"href":"https:\/\/streetmarkets.fr\/app\/wp-json\/wp\/v2\/comments?post=1813531"}],"wp:featuredmedia":[{"embeddable":true,"href":"https:\/\/streetmarkets.fr\/app\/wp-json\/wp\/v2\/media\/1813532"}],"wp:attachment":[{"href":"https:\/\/streetmarkets.fr\/app\/wp-json\/wp\/v2\/media?parent=1813531"}],"wp:term":[{"taxonomy":"product_brand","embeddable":true,"href":"https:\/\/streetmarkets.fr\/app\/wp-json\/wp\/v2\/product_brand?post=1813531"},{"taxonomy":"product_cat","embeddable":true,"href":"https:\/\/streetmarkets.fr\/app\/wp-json\/wp\/v2\/product_cat?post=1813531"},{"taxonomy":"product_tag","embeddable":true,"href":"https:\/\/streetmarkets.fr\/app\/wp-json\/wp\/v2\/product_tag?post=1813531"}],"curies":[{"name":"wp","href":"https:\/\/api.w.org\/{rel}","templated":true}]}}