{"id":1813516,"date":"2025-05-01T06:53:29","date_gmt":"2025-05-01T04:53:29","guid":{"rendered":"https:\/\/streetmarkets.fr\/app\/produit\/jonas-structured-stripe-overshirt\/"},"modified":"2026-03-16T05:47:07","modified_gmt":"2026-03-16T04:47:07","slug":"jonas-structured-stripe-overshirt","status":"publish","type":"product","link":"https:\/\/streetmarkets.fr\/app\/produit\/jonas-structured-stripe-overshirt\/","title":{"rendered":"Jonas Structured Stripe Overshirt"},"content":{"rendered":"<p dir=\"auto\">D\u00e9couvrez la <strong>Jonas Structured Stripe Overshirt<\/strong> de la marque <strong>Les Deux<\/strong>, une surchemise textur\u00e9e et oversize en coton recycl\u00e9.<strong><\/strong><\/p>\n<p dir=\"auto\">C&#8217;est la pi\u00e8ce id\u00e9ale pour ajouter une <strong>touche de style et de confort<\/strong> \u00e0 votre vestiaire masculin. Con\u00e7ue en coton recycl\u00e9, cette surchemise allie durabilit\u00e9 et \u00e9l\u00e9gance, parfaite pour les journ\u00e9es d\u00e9contract\u00e9es ou pour compl\u00e9ter un look plus habill\u00e9.<strong><\/strong><\/p>\n<p dir=\"auto\">Cette surchemise se distingue par sa <strong>coupe oversize<\/strong>, offrant une allure d\u00e9contract\u00e9e et moderne. Le tissu en coton recycl\u00e9 apporte une <strong>texture unique <\/strong>et un toucher agr\u00e9able, tout en \u00e9tant respectueux de l&#8217;environnement. Les rayures structur\u00e9es ajoutent un <strong>\u00e9l\u00e9ment visuel int\u00e9ressant<\/strong>, faisant de cette pi\u00e8ce un incontournable de votre vestiaire.<strong><\/strong><\/p>\n<p dir=\"auto\">Venez d\u00e9couvrir la <strong>Jonas Structured Stripe Overshirt<\/strong> de la marque <strong>Les Deux <\/strong>disponible chez <strong>Harold Paris : <\/strong>votre boutique de<strong> pret-\u00e0-porter pour homme \u00e0 Paris.<\/strong><\/p>\n","protected":false},"excerpt":{"rendered":"<p>D\u00e9couvrez la Jonas Structured Stripe Overshirt de la marque Les Deux, une surchemise textur\u00e9e et oversize en coton recycl\u00e9. C&#8217;est la pi\u00e8ce id\u00e9ale pour ajouter une touche de style et de confort \u00e0 votre vestiaire masculin. Con\u00e7ue en coton recycl\u00e9, cette surchemise allie durabilit\u00e9 et \u00e9l\u00e9gance, parfaite pour les journ\u00e9es d\u00e9contract\u00e9es ou pour compl\u00e9ter un [&hellip;]<\/p>\n","protected":false},"featured_media":1813517,"comment_status":"open","ping_status":"closed","template":"","meta":[],"product_brand":[],"product_cat":[1756,1758],"product_tag":[2244],"acf":[],"_links":{"self":[{"href":"https:\/\/streetmarkets.fr\/app\/wp-json\/wp\/v2\/product\/1813516"}],"collection":[{"href":"https:\/\/streetmarkets.fr\/app\/wp-json\/wp\/v2\/product"}],"about":[{"href":"https:\/\/streetmarkets.fr\/app\/wp-json\/wp\/v2\/types\/product"}],"replies":[{"embeddable":true,"href":"https:\/\/streetmarkets.fr\/app\/wp-json\/wp\/v2\/comments?post=1813516"}],"wp:featuredmedia":[{"embeddable":true,"href":"https:\/\/streetmarkets.fr\/app\/wp-json\/wp\/v2\/media\/1813517"}],"wp:attachment":[{"href":"https:\/\/streetmarkets.fr\/app\/wp-json\/wp\/v2\/media?parent=1813516"}],"wp:term":[{"taxonomy":"product_brand","embeddable":true,"href":"https:\/\/streetmarkets.fr\/app\/wp-json\/wp\/v2\/product_brand?post=1813516"},{"taxonomy":"product_cat","embeddable":true,"href":"https:\/\/streetmarkets.fr\/app\/wp-json\/wp\/v2\/product_cat?post=1813516"},{"taxonomy":"product_tag","embeddable":true,"href":"https:\/\/streetmarkets.fr\/app\/wp-json\/wp\/v2\/product_tag?post=1813516"}],"curies":[{"name":"wp","href":"https:\/\/api.w.org\/{rel}","templated":true}]}}