{"id":1813491,"date":"2025-05-01T06:53:26","date_gmt":"2025-05-01T04:53:26","guid":{"rendered":"https:\/\/streetmarkets.fr\/app\/produit\/carre-de-costume-marvin-hankie-skycaptain-dots\/"},"modified":"2026-03-16T05:47:07","modified_gmt":"2026-03-16T04:47:07","slug":"carre-de-costume-marvin-hankie-skycaptain-dots","status":"publish","type":"product","link":"https:\/\/streetmarkets.fr\/app\/produit\/carre-de-costume-marvin-hankie-skycaptain-dots\/","title":{"rendered":"Carr\u00e9 de costume Marvin Hankie SkyCaptain\/Dots"},"content":{"rendered":"<p data-start=\"288\" data-end=\"578\" class=\"\">Classique et toujours efficace, le <strong data-start=\"323\" data-end=\"366\">Marvin Hankie bleu marine \u00e0 pois blancs<\/strong> sign\u00e9 <strong>Selected<\/strong> apporte une touche de contraste et de raffinement \u00e0 votre blazer. Confectionn\u00e9 en <strong>100% laine<\/strong>, il s\u00e9duit par son \u00e9clat subtil, son tomb\u00e9 fluide et la douceur de sa texture.<\/p>\n<p data-start=\"580\" data-end=\"865\" class=\"\">Son motif \u00e0 <strong data-start=\"592\" data-end=\"607\">pois blancs<\/strong> offre une note de fantaisie parfaitement dos\u00e9e, id\u00e9ale pour \u00e9gayer un costume sobre sans compromettre l\u2019\u00e9l\u00e9gance. <strong>Facile \u00e0 plier et \u00e0 associer<\/strong>, ce carr\u00e9 de costume s\u2019adapte aussi bien \u00e0 un look de bureau soign\u00e9 qu\u2019\u00e0 une silhouette de soir\u00e9e plus audacieuse.<\/p>\n<p data-start=\"867\" data-end=\"1115\" class=\"\">Un <strong>essentiel du vestiaire masculin<\/strong>, pens\u00e9 pour l\u2019homme qui soigne les d\u00e9tails et affirme son style avec ma\u00eetrise. \u00c0 retrouver chez <strong data-start=\"998\" data-end=\"1014\">Harold Paris<\/strong>, votre destination multi-marque pour des accessoires distinctifs et toujours bien choisis.<\/p>\n","protected":false},"excerpt":{"rendered":"<p>Classique et toujours efficace, le Marvin Hankie bleu marine \u00e0 pois blancs sign\u00e9 Selected apporte une touche de contraste et de raffinement \u00e0 votre blazer. Confectionn\u00e9 en 100% laine, il s\u00e9duit par son \u00e9clat subtil, son tomb\u00e9 fluide et la douceur de sa texture. Son motif \u00e0 pois blancs offre une note de fantaisie parfaitement [&hellip;]<\/p>\n","protected":false},"featured_media":1813492,"comment_status":"open","ping_status":"closed","template":"","meta":[],"product_brand":[],"product_cat":[1756,1760],"product_tag":[2244],"acf":[],"_links":{"self":[{"href":"https:\/\/streetmarkets.fr\/app\/wp-json\/wp\/v2\/product\/1813491"}],"collection":[{"href":"https:\/\/streetmarkets.fr\/app\/wp-json\/wp\/v2\/product"}],"about":[{"href":"https:\/\/streetmarkets.fr\/app\/wp-json\/wp\/v2\/types\/product"}],"replies":[{"embeddable":true,"href":"https:\/\/streetmarkets.fr\/app\/wp-json\/wp\/v2\/comments?post=1813491"}],"wp:featuredmedia":[{"embeddable":true,"href":"https:\/\/streetmarkets.fr\/app\/wp-json\/wp\/v2\/media\/1813492"}],"wp:attachment":[{"href":"https:\/\/streetmarkets.fr\/app\/wp-json\/wp\/v2\/media?parent=1813491"}],"wp:term":[{"taxonomy":"product_brand","embeddable":true,"href":"https:\/\/streetmarkets.fr\/app\/wp-json\/wp\/v2\/product_brand?post=1813491"},{"taxonomy":"product_cat","embeddable":true,"href":"https:\/\/streetmarkets.fr\/app\/wp-json\/wp\/v2\/product_cat?post=1813491"},{"taxonomy":"product_tag","embeddable":true,"href":"https:\/\/streetmarkets.fr\/app\/wp-json\/wp\/v2\/product_tag?post=1813491"}],"curies":[{"name":"wp","href":"https:\/\/api.w.org\/{rel}","templated":true}]}}