{"id":1813487,"date":"2025-05-01T06:53:26","date_gmt":"2025-05-01T04:53:26","guid":{"rendered":"https:\/\/streetmarkets.fr\/app\/produit\/carre-de-costume-marvin-hankie-white\/"},"modified":"2026-03-16T05:47:07","modified_gmt":"2026-03-16T04:47:07","slug":"carre-de-costume-marvin-hankie-white","status":"publish","type":"product","link":"https:\/\/streetmarkets.fr\/app\/produit\/carre-de-costume-marvin-hankie-white\/","title":{"rendered":"Carr\u00e9 de costume Marvin Hankie White"},"content":{"rendered":"<p data-start=\"291\" data-end=\"610\" class=\"\">Sublimez vos tenues avec le <strong data-start=\"319\" data-end=\"336\">Marvin Hankie<\/strong> de <strong>Selected<\/strong>, un carr\u00e9 de costume en coton, disponible chez Harold. Un accessoire pens\u00e9 pour l\u2019homme moderne, \u00e0 la recherche d\u2019un \u00e9quilibre subtil entre tradition et audace ma\u00eetris\u00e9e.<\/p>\n<p data-start=\"890\" data-end=\"1106\" class=\"\">Pens\u00e9 comme une <strong data-start=\"906\" data-end=\"928\">pi\u00e8ce de caract\u00e8re<\/strong> mais facile \u00e0 associer, le Marvin Hankie se distingue par sa polyvalence et son \u00e9l\u00e9gance intemporelle. Une valeur s\u00fbre pour les amateurs de d\u00e9tails qui font toute la diff\u00e9rence.<\/p>\n","protected":false},"excerpt":{"rendered":"<p>Sublimez vos tenues avec le Marvin Hankie de Selected, un carr\u00e9 de costume en coton, disponible chez Harold. Un accessoire pens\u00e9 pour l\u2019homme moderne, \u00e0 la recherche d\u2019un \u00e9quilibre subtil entre tradition et audace ma\u00eetris\u00e9e. Pens\u00e9 comme une pi\u00e8ce de caract\u00e8re mais facile \u00e0 associer, le Marvin Hankie se distingue par sa polyvalence et son [&hellip;]<\/p>\n","protected":false},"featured_media":1813488,"comment_status":"open","ping_status":"closed","template":"","meta":[],"product_brand":[],"product_cat":[1756,1760],"product_tag":[2244],"acf":[],"_links":{"self":[{"href":"https:\/\/streetmarkets.fr\/app\/wp-json\/wp\/v2\/product\/1813487"}],"collection":[{"href":"https:\/\/streetmarkets.fr\/app\/wp-json\/wp\/v2\/product"}],"about":[{"href":"https:\/\/streetmarkets.fr\/app\/wp-json\/wp\/v2\/types\/product"}],"replies":[{"embeddable":true,"href":"https:\/\/streetmarkets.fr\/app\/wp-json\/wp\/v2\/comments?post=1813487"}],"wp:featuredmedia":[{"embeddable":true,"href":"https:\/\/streetmarkets.fr\/app\/wp-json\/wp\/v2\/media\/1813488"}],"wp:attachment":[{"href":"https:\/\/streetmarkets.fr\/app\/wp-json\/wp\/v2\/media?parent=1813487"}],"wp:term":[{"taxonomy":"product_brand","embeddable":true,"href":"https:\/\/streetmarkets.fr\/app\/wp-json\/wp\/v2\/product_brand?post=1813487"},{"taxonomy":"product_cat","embeddable":true,"href":"https:\/\/streetmarkets.fr\/app\/wp-json\/wp\/v2\/product_cat?post=1813487"},{"taxonomy":"product_tag","embeddable":true,"href":"https:\/\/streetmarkets.fr\/app\/wp-json\/wp\/v2\/product_tag?post=1813487"}],"curies":[{"name":"wp","href":"https:\/\/api.w.org\/{rel}","templated":true}]}}