{"id":1808697,"date":"2025-05-01T01:54:25","date_gmt":"2025-04-30T23:54:25","guid":{"rendered":"https:\/\/streetmarkets.fr\/app\/produit\/top-manches-longues-cameron-s25-femme-leopard\/"},"modified":"2025-10-02T02:00:30","modified_gmt":"2025-10-02T00:00:30","slug":"top-manches-longues-cameron-s25-femme-leopard","status":"publish","type":"product","link":"https:\/\/streetmarkets.fr\/app\/produit\/top-manches-longues-cameron-s25-femme-leopard\/","title":{"rendered":"Top Manches Longues Cameron (S25 \/ FEMME \/ Leopard)"},"content":{"rendered":"<p>Beaucoup d\u2019allure pour ce top court orn\u00e9 d\u2019un imprim\u00e9 l\u00e9opard et de bords effet ondul\u00e9. Fluide et l\u00e9ger, il d\u00e9voile un d\u00e9collet\u00e9 profond en V et une fermeture \u00e0 boutons recouverts. Il s\u2019adopte en total look avec la jupe coordonn\u00e9e.<\/p>\n<p>&#8211; Top court Femme<br \/>\n<br \/>&#8211; Imprim\u00e9 l\u00e9opard<br \/>\n<br \/>&#8211; Col V<br \/>\n<br \/>&#8211; Fermeture \u00e0 boutons recouverts<br \/>\n<br \/>&#8211; Manches longues<br \/>\n<br \/>&#8211; Bords effet ondul\u00e9<br \/>\n<br \/>&#8211; Coupe regular<\/p>\n","protected":false},"excerpt":{"rendered":"<p>Beaucoup d\u2019allure pour ce top court orn\u00e9 d\u2019un imprim\u00e9 l\u00e9opard et de bords effet ondul\u00e9. Fluide et l\u00e9ger, il d\u00e9voile un d\u00e9collet\u00e9 profond en V et une fermeture \u00e0 boutons recouverts. Il s\u2019adopte en total look avec la jupe coordonn\u00e9e. &#8211; Top court Femme &#8211; Imprim\u00e9 l\u00e9opard &#8211; Col V &#8211; Fermeture \u00e0 boutons recouverts [&hellip;]<\/p>\n","protected":false},"featured_media":1808698,"comment_status":"open","ping_status":"closed","template":"","meta":[],"product_brand":[6868],"product_cat":[1756,1762],"product_tag":[2244],"acf":[],"_links":{"self":[{"href":"https:\/\/streetmarkets.fr\/app\/wp-json\/wp\/v2\/product\/1808697"}],"collection":[{"href":"https:\/\/streetmarkets.fr\/app\/wp-json\/wp\/v2\/product"}],"about":[{"href":"https:\/\/streetmarkets.fr\/app\/wp-json\/wp\/v2\/types\/product"}],"replies":[{"embeddable":true,"href":"https:\/\/streetmarkets.fr\/app\/wp-json\/wp\/v2\/comments?post=1808697"}],"wp:featuredmedia":[{"embeddable":true,"href":"https:\/\/streetmarkets.fr\/app\/wp-json\/wp\/v2\/media\/1808698"}],"wp:attachment":[{"href":"https:\/\/streetmarkets.fr\/app\/wp-json\/wp\/v2\/media?parent=1808697"}],"wp:term":[{"taxonomy":"product_brand","embeddable":true,"href":"https:\/\/streetmarkets.fr\/app\/wp-json\/wp\/v2\/product_brand?post=1808697"},{"taxonomy":"product_cat","embeddable":true,"href":"https:\/\/streetmarkets.fr\/app\/wp-json\/wp\/v2\/product_cat?post=1808697"},{"taxonomy":"product_tag","embeddable":true,"href":"https:\/\/streetmarkets.fr\/app\/wp-json\/wp\/v2\/product_tag?post=1808697"}],"curies":[{"name":"wp","href":"https:\/\/api.w.org\/{rel}","templated":true}]}}