{"id":1808660,"date":"2025-05-01T01:54:20","date_gmt":"2025-04-30T23:54:20","guid":{"rendered":"https:\/\/streetmarkets.fr\/app\/produit\/robe-longue-bretelles-alma-s25-femme-blurry-garden\/"},"modified":"2025-10-02T02:00:29","modified_gmt":"2025-10-02T00:00:29","slug":"robe-longue-bretelles-alma-s25-femme-blurry-garden","status":"publish","type":"product","link":"https:\/\/streetmarkets.fr\/app\/produit\/robe-longue-bretelles-alma-s25-femme-blurry-garden\/","title":{"rendered":"Robe Longue Dos Nu Alma (S25 \/ FEMME \/ Blurry Garden)"},"content":{"rendered":"<p>Orn\u00e9e d&#8217;un imprim\u00e9 flout\u00e9, cette robe longue sans manches dessine une silhouette fluide et \u00e9vas\u00e9e. Son devant crois\u00e9, marqu\u00e9 par une d\u00e9coupe, r\u00e9v\u00e8le un dos nu renversant.<\/p>\n<p>&#8211; Robe longue sans manches Femme<br \/>\n<br \/>&#8211; Imprim\u00e9 flout\u00e9<br \/>\n<br \/>&#8211; Crois\u00e9e \u00e0 l&#8217;avant<br \/>\n<br \/>&#8211; D\u00e9coupe<br \/>\n<br \/>&#8211; Dos nu<br \/>\n<br \/>&#8211; Jupe \u00e9vas\u00e9e<br \/>\n<br \/>&#8211; Coupe regular<\/p>\n","protected":false},"excerpt":{"rendered":"<p>Orn\u00e9e d&#8217;un imprim\u00e9 flout\u00e9, cette robe longue sans manches dessine une silhouette fluide et \u00e9vas\u00e9e. Son devant crois\u00e9, marqu\u00e9 par une d\u00e9coupe, r\u00e9v\u00e8le un dos nu renversant. &#8211; Robe longue sans manches Femme &#8211; Imprim\u00e9 flout\u00e9 &#8211; Crois\u00e9e \u00e0 l&#8217;avant &#8211; D\u00e9coupe &#8211; Dos nu &#8211; Jupe \u00e9vas\u00e9e &#8211; Coupe regular<\/p>\n","protected":false},"featured_media":1808661,"comment_status":"open","ping_status":"closed","template":"","meta":[],"product_brand":[6868],"product_cat":[1756,1762],"product_tag":[2244],"acf":[],"_links":{"self":[{"href":"https:\/\/streetmarkets.fr\/app\/wp-json\/wp\/v2\/product\/1808660"}],"collection":[{"href":"https:\/\/streetmarkets.fr\/app\/wp-json\/wp\/v2\/product"}],"about":[{"href":"https:\/\/streetmarkets.fr\/app\/wp-json\/wp\/v2\/types\/product"}],"replies":[{"embeddable":true,"href":"https:\/\/streetmarkets.fr\/app\/wp-json\/wp\/v2\/comments?post=1808660"}],"wp:featuredmedia":[{"embeddable":true,"href":"https:\/\/streetmarkets.fr\/app\/wp-json\/wp\/v2\/media\/1808661"}],"wp:attachment":[{"href":"https:\/\/streetmarkets.fr\/app\/wp-json\/wp\/v2\/media?parent=1808660"}],"wp:term":[{"taxonomy":"product_brand","embeddable":true,"href":"https:\/\/streetmarkets.fr\/app\/wp-json\/wp\/v2\/product_brand?post=1808660"},{"taxonomy":"product_cat","embeddable":true,"href":"https:\/\/streetmarkets.fr\/app\/wp-json\/wp\/v2\/product_cat?post=1808660"},{"taxonomy":"product_tag","embeddable":true,"href":"https:\/\/streetmarkets.fr\/app\/wp-json\/wp\/v2\/product_tag?post=1808660"}],"curies":[{"name":"wp","href":"https:\/\/api.w.org\/{rel}","templated":true}]}}