{"id":1808646,"date":"2025-05-01T01:54:19","date_gmt":"2025-04-30T23:54:19","guid":{"rendered":"https:\/\/streetmarkets.fr\/app\/produit\/robe-courte-bretelles-ellie-s25-femme-navy\/"},"modified":"2025-10-02T02:00:29","modified_gmt":"2025-10-02T00:00:29","slug":"robe-courte-bretelles-ellie-s25-femme-navy","status":"publish","type":"product","link":"https:\/\/streetmarkets.fr\/app\/produit\/robe-courte-bretelles-ellie-s25-femme-navy\/","title":{"rendered":"Robe Courte Bretelles Ellie (S25 \/ FEMME \/ Navy)"},"content":{"rendered":"<p>Avec des bretelles fines et un d\u00e9collet\u00e9 en V, cette robe courte dessine une silhouette ajust\u00e9e et structur\u00e9e. Ponctuez votre look de saison avec une veste oversize et des sandales \u00e0 talons.<\/p>\n<p>&#8211; Robe courte Femme<br \/>\n<br \/>&#8211; D\u00e9collet\u00e9 en V<br \/>\n<br \/>&#8211; Bretelles fines ajustables<br \/>\n<br \/>&#8211; Coupe slim<\/p>\n","protected":false},"excerpt":{"rendered":"<p>Avec des bretelles fines et un d\u00e9collet\u00e9 en V, cette robe courte dessine une silhouette ajust\u00e9e et structur\u00e9e. Ponctuez votre look de saison avec une veste oversize et des sandales \u00e0 talons. &#8211; Robe courte Femme &#8211; D\u00e9collet\u00e9 en V &#8211; Bretelles fines ajustables &#8211; Coupe slim<\/p>\n","protected":false},"featured_media":1808647,"comment_status":"open","ping_status":"closed","template":"","meta":[],"product_brand":[6868],"product_cat":[1756,1762],"product_tag":[2244],"acf":[],"_links":{"self":[{"href":"https:\/\/streetmarkets.fr\/app\/wp-json\/wp\/v2\/product\/1808646"}],"collection":[{"href":"https:\/\/streetmarkets.fr\/app\/wp-json\/wp\/v2\/product"}],"about":[{"href":"https:\/\/streetmarkets.fr\/app\/wp-json\/wp\/v2\/types\/product"}],"replies":[{"embeddable":true,"href":"https:\/\/streetmarkets.fr\/app\/wp-json\/wp\/v2\/comments?post=1808646"}],"wp:featuredmedia":[{"embeddable":true,"href":"https:\/\/streetmarkets.fr\/app\/wp-json\/wp\/v2\/media\/1808647"}],"wp:attachment":[{"href":"https:\/\/streetmarkets.fr\/app\/wp-json\/wp\/v2\/media?parent=1808646"}],"wp:term":[{"taxonomy":"product_brand","embeddable":true,"href":"https:\/\/streetmarkets.fr\/app\/wp-json\/wp\/v2\/product_brand?post=1808646"},{"taxonomy":"product_cat","embeddable":true,"href":"https:\/\/streetmarkets.fr\/app\/wp-json\/wp\/v2\/product_cat?post=1808646"},{"taxonomy":"product_tag","embeddable":true,"href":"https:\/\/streetmarkets.fr\/app\/wp-json\/wp\/v2\/product_tag?post=1808646"}],"curies":[{"name":"wp","href":"https:\/\/api.w.org\/{rel}","templated":true}]}}