{"id":1808621,"date":"2025-05-01T01:54:16","date_gmt":"2025-04-30T23:54:16","guid":{"rendered":"https:\/\/streetmarkets.fr\/app\/produit\/robe-longue-asymetrique-angia-s25-femme-elctrc-rss-prpl\/"},"modified":"2025-10-02T02:00:29","modified_gmt":"2025-10-02T00:00:29","slug":"robe-longue-asymetrique-angia-s25-femme-elctrc-rss-prpl","status":"publish","type":"product","link":"https:\/\/streetmarkets.fr\/app\/produit\/robe-longue-asymetrique-angia-s25-femme-elctrc-rss-prpl\/","title":{"rendered":"Robe Longue Asym\u00e9trique Angia (S25 \/ FEMME \/ Elctrc Rss Prpl)"},"content":{"rendered":"<p>&#8211; Robe longue Femme<br \/>\n<br \/>&#8211; D\u00e9collet\u00e9 asym\u00e9trique<br \/>\n<br \/>&#8211; Une manche transparente<br \/>\n<br \/>&#8211; Poignet boutonn\u00e9<br \/>\n<br \/>&#8211; Taille fronc\u00e9e sur le c\u00f4t\u00e9<br \/>\n<br \/>&#8211; Jupe fendue et \u00e9vas\u00e9e<br \/>\n<br \/>&#8211; Coupe slim<\/p>\n","protected":false},"excerpt":{"rendered":"<p>&#8211; Robe longue Femme &#8211; D\u00e9collet\u00e9 asym\u00e9trique &#8211; Une manche transparente &#8211; Poignet boutonn\u00e9 &#8211; Taille fronc\u00e9e sur le c\u00f4t\u00e9 &#8211; Jupe fendue et \u00e9vas\u00e9e &#8211; Coupe slim<\/p>\n","protected":false},"featured_media":1808622,"comment_status":"open","ping_status":"closed","template":"","meta":[],"product_brand":[6868],"product_cat":[1756,1762],"product_tag":[2244],"acf":[],"_links":{"self":[{"href":"https:\/\/streetmarkets.fr\/app\/wp-json\/wp\/v2\/product\/1808621"}],"collection":[{"href":"https:\/\/streetmarkets.fr\/app\/wp-json\/wp\/v2\/product"}],"about":[{"href":"https:\/\/streetmarkets.fr\/app\/wp-json\/wp\/v2\/types\/product"}],"replies":[{"embeddable":true,"href":"https:\/\/streetmarkets.fr\/app\/wp-json\/wp\/v2\/comments?post=1808621"}],"wp:featuredmedia":[{"embeddable":true,"href":"https:\/\/streetmarkets.fr\/app\/wp-json\/wp\/v2\/media\/1808622"}],"wp:attachment":[{"href":"https:\/\/streetmarkets.fr\/app\/wp-json\/wp\/v2\/media?parent=1808621"}],"wp:term":[{"taxonomy":"product_brand","embeddable":true,"href":"https:\/\/streetmarkets.fr\/app\/wp-json\/wp\/v2\/product_brand?post=1808621"},{"taxonomy":"product_cat","embeddable":true,"href":"https:\/\/streetmarkets.fr\/app\/wp-json\/wp\/v2\/product_cat?post=1808621"},{"taxonomy":"product_tag","embeddable":true,"href":"https:\/\/streetmarkets.fr\/app\/wp-json\/wp\/v2\/product_tag?post=1808621"}],"curies":[{"name":"wp","href":"https:\/\/api.w.org\/{rel}","templated":true}]}}