{"id":1808609,"date":"2025-05-01T01:54:14","date_gmt":"2025-04-30T23:54:14","guid":{"rendered":"https:\/\/streetmarkets.fr\/app\/produit\/robe-longue-manches-courtes-michaela-s25-femme-candy-flowers\/"},"modified":"2025-10-02T02:00:29","modified_gmt":"2025-10-02T00:00:29","slug":"robe-longue-manches-courtes-michaela-s25-femme-candy-flowers","status":"publish","type":"product","link":"https:\/\/streetmarkets.fr\/app\/produit\/robe-longue-manches-courtes-michaela-s25-femme-candy-flowers\/","title":{"rendered":"Robe Longue Manches Courtes Michaela (S25 \/ FEMME \/ Candy Flowers)"},"content":{"rendered":"<p>&#8211; Robe longue Femme<br \/>\n<br \/>&#8211; Imprim\u00e9 fleuri<br \/>\n<br \/>&#8211; D\u00e9collet\u00e9 en V<br \/>\n<br \/>&#8211; Manches courtes transparentes<br \/>\n<br \/>&#8211; Jupe fendue<br \/>\n<br \/>&#8211; Coupe slim<\/p>\n","protected":false},"excerpt":{"rendered":"<p>&#8211; Robe longue Femme &#8211; Imprim\u00e9 fleuri &#8211; D\u00e9collet\u00e9 en V &#8211; Manches courtes transparentes &#8211; Jupe fendue &#8211; Coupe slim<\/p>\n","protected":false},"featured_media":1808610,"comment_status":"open","ping_status":"closed","template":"","meta":[],"product_brand":[6868],"product_cat":[1756,1762],"product_tag":[2244],"acf":[],"_links":{"self":[{"href":"https:\/\/streetmarkets.fr\/app\/wp-json\/wp\/v2\/product\/1808609"}],"collection":[{"href":"https:\/\/streetmarkets.fr\/app\/wp-json\/wp\/v2\/product"}],"about":[{"href":"https:\/\/streetmarkets.fr\/app\/wp-json\/wp\/v2\/types\/product"}],"replies":[{"embeddable":true,"href":"https:\/\/streetmarkets.fr\/app\/wp-json\/wp\/v2\/comments?post=1808609"}],"wp:featuredmedia":[{"embeddable":true,"href":"https:\/\/streetmarkets.fr\/app\/wp-json\/wp\/v2\/media\/1808610"}],"wp:attachment":[{"href":"https:\/\/streetmarkets.fr\/app\/wp-json\/wp\/v2\/media?parent=1808609"}],"wp:term":[{"taxonomy":"product_brand","embeddable":true,"href":"https:\/\/streetmarkets.fr\/app\/wp-json\/wp\/v2\/product_brand?post=1808609"},{"taxonomy":"product_cat","embeddable":true,"href":"https:\/\/streetmarkets.fr\/app\/wp-json\/wp\/v2\/product_cat?post=1808609"},{"taxonomy":"product_tag","embeddable":true,"href":"https:\/\/streetmarkets.fr\/app\/wp-json\/wp\/v2\/product_tag?post=1808609"}],"curies":[{"name":"wp","href":"https:\/\/api.w.org\/{rel}","templated":true}]}}