{"id":1808573,"date":"2025-05-01T01:54:10","date_gmt":"2025-04-30T23:54:10","guid":{"rendered":"https:\/\/streetmarkets.fr\/app\/produit\/robe-courte-bretelles-chiara-s25-femme-midnight-bouque\/"},"modified":"2025-10-02T02:00:28","modified_gmt":"2025-10-02T00:00:28","slug":"robe-courte-bretelles-chiara-s25-femme-midnight-bouque","status":"publish","type":"product","link":"https:\/\/streetmarkets.fr\/app\/produit\/robe-courte-bretelles-chiara-s25-femme-midnight-bouque\/","title":{"rendered":"Robe Courte Bretelles Chiara (S25 \/ FEMME \/ Midnight Bouque)"},"content":{"rendered":"<p>Imprim\u00e9 fleuri et bandes de dentelle : cette robe courte en satin de soie offre un jeu de transparence. Avec des bretelles fines ajustables et un d\u00e9collet\u00e9 en V, elle d\u00e9voile un tomb\u00e9 asym\u00e9trique. L\u00e9g\u00e8re et versatile, elle se porte de jour comme de nuit.<\/p>\n<p>&#8211; Robe courte en satin de soie Femme<br \/>\n<br \/>&#8211; Imprim\u00e9 fleuri<br \/>\n<br \/>&#8211; Bandes de dentelle<br \/>\n<br \/>&#8211; D\u00e9collet\u00e9 en V<br \/>\n<br \/>&#8211; Bretelles fines ajustables<br \/>\n<br \/>&#8211; Jupe asym\u00e9trique<br \/>\n<br \/>&#8211; Coupe slim<\/p>\n","protected":false},"excerpt":{"rendered":"<p>Imprim\u00e9 fleuri et bandes de dentelle : cette robe courte en satin de soie offre un jeu de transparence. Avec des bretelles fines ajustables et un d\u00e9collet\u00e9 en V, elle d\u00e9voile un tomb\u00e9 asym\u00e9trique. L\u00e9g\u00e8re et versatile, elle se porte de jour comme de nuit. &#8211; Robe courte en satin de soie Femme &#8211; Imprim\u00e9 [&hellip;]<\/p>\n","protected":false},"featured_media":1808574,"comment_status":"open","ping_status":"closed","template":"","meta":[],"product_brand":[6868],"product_cat":[1756,1762],"product_tag":[2244],"acf":[],"_links":{"self":[{"href":"https:\/\/streetmarkets.fr\/app\/wp-json\/wp\/v2\/product\/1808573"}],"collection":[{"href":"https:\/\/streetmarkets.fr\/app\/wp-json\/wp\/v2\/product"}],"about":[{"href":"https:\/\/streetmarkets.fr\/app\/wp-json\/wp\/v2\/types\/product"}],"replies":[{"embeddable":true,"href":"https:\/\/streetmarkets.fr\/app\/wp-json\/wp\/v2\/comments?post=1808573"}],"wp:featuredmedia":[{"embeddable":true,"href":"https:\/\/streetmarkets.fr\/app\/wp-json\/wp\/v2\/media\/1808574"}],"wp:attachment":[{"href":"https:\/\/streetmarkets.fr\/app\/wp-json\/wp\/v2\/media?parent=1808573"}],"wp:term":[{"taxonomy":"product_brand","embeddable":true,"href":"https:\/\/streetmarkets.fr\/app\/wp-json\/wp\/v2\/product_brand?post=1808573"},{"taxonomy":"product_cat","embeddable":true,"href":"https:\/\/streetmarkets.fr\/app\/wp-json\/wp\/v2\/product_cat?post=1808573"},{"taxonomy":"product_tag","embeddable":true,"href":"https:\/\/streetmarkets.fr\/app\/wp-json\/wp\/v2\/product_tag?post=1808573"}],"curies":[{"name":"wp","href":"https:\/\/api.w.org\/{rel}","templated":true}]}}