{"id":1808533,"date":"2025-05-01T01:54:05","date_gmt":"2025-04-30T23:54:05","guid":{"rendered":"https:\/\/streetmarkets.fr\/app\/produit\/jogging-droit-s25-femme-gris-chine-clair\/"},"modified":"2025-10-02T02:00:28","modified_gmt":"2025-10-02T00:00:28","slug":"jogging-droit-s25-femme-gris-chine-clair","status":"publish","type":"product","link":"https:\/\/streetmarkets.fr\/app\/produit\/jogging-droit-s25-femme-gris-chine-clair\/","title":{"rendered":"Jogging Droit Bandes Multicolores (S25 \/ FEMME \/ Gris Chin\u00e9 Clair)"},"content":{"rendered":"<p>&#8211; Jogging droit en coton Femme<br \/>\n<br \/>&#8211; Bandes multicolores<br \/>\n<br \/>&#8211; Taille \u00e9lastiqu\u00e9e \u00e0 cordons<br \/>\n<br \/>&#8211; 2 poches<br \/>\n<br \/>&#8211; Resserr\u00e9 aux chevilles<br \/>\n<br \/>&#8211; Coupe regular<\/p>\n","protected":false},"excerpt":{"rendered":"<p>&#8211; Jogging droit en coton Femme &#8211; Bandes multicolores &#8211; Taille \u00e9lastiqu\u00e9e \u00e0 cordons &#8211; 2 poches &#8211; Resserr\u00e9 aux chevilles &#8211; Coupe regular<\/p>\n","protected":false},"featured_media":1808534,"comment_status":"open","ping_status":"closed","template":"","meta":[],"product_brand":[6868],"product_cat":[1756,1762],"product_tag":[2244],"acf":[],"_links":{"self":[{"href":"https:\/\/streetmarkets.fr\/app\/wp-json\/wp\/v2\/product\/1808533"}],"collection":[{"href":"https:\/\/streetmarkets.fr\/app\/wp-json\/wp\/v2\/product"}],"about":[{"href":"https:\/\/streetmarkets.fr\/app\/wp-json\/wp\/v2\/types\/product"}],"replies":[{"embeddable":true,"href":"https:\/\/streetmarkets.fr\/app\/wp-json\/wp\/v2\/comments?post=1808533"}],"wp:featuredmedia":[{"embeddable":true,"href":"https:\/\/streetmarkets.fr\/app\/wp-json\/wp\/v2\/media\/1808534"}],"wp:attachment":[{"href":"https:\/\/streetmarkets.fr\/app\/wp-json\/wp\/v2\/media?parent=1808533"}],"wp:term":[{"taxonomy":"product_brand","embeddable":true,"href":"https:\/\/streetmarkets.fr\/app\/wp-json\/wp\/v2\/product_brand?post=1808533"},{"taxonomy":"product_cat","embeddable":true,"href":"https:\/\/streetmarkets.fr\/app\/wp-json\/wp\/v2\/product_cat?post=1808533"},{"taxonomy":"product_tag","embeddable":true,"href":"https:\/\/streetmarkets.fr\/app\/wp-json\/wp\/v2\/product_tag?post=1808533"}],"curies":[{"name":"wp","href":"https:\/\/api.w.org\/{rel}","templated":true}]}}