{"id":1808489,"date":"2025-05-01T01:54:00","date_gmt":"2025-04-30T23:54:00","guid":{"rendered":"https:\/\/streetmarkets.fr\/app\/produit\/robe-longue-manches-longues-marlow-s25-femme-big-black-orchi\/"},"modified":"2025-08-17T01:53:03","modified_gmt":"2025-08-16T23:53:03","slug":"robe-longue-manches-longues-marlow-s25-femme-big-black-orchi","status":"publish","type":"product","link":"https:\/\/streetmarkets.fr\/app\/produit\/robe-longue-manches-longues-marlow-s25-femme-big-black-orchi\/","title":{"rendered":"Robe Longue Manches Longues Marlow (S25 \/ FEMME \/ Big Black Orchi)"},"content":{"rendered":"<p>Une d\u00e9licate orchid\u00e9e s&#8217;invite sur cette robe longue aux lignes \u00e9pur\u00e9es. Tout en \u00e9l\u00e9gance, elle d\u00e9voile un col rond, des poignets \u00e9vas\u00e9s et une jupe fluide. <\/p>\n<p>&#8211; Robe longue Femme<br \/>\n<br \/>&#8211; Imprim\u00e9 fleuri<br \/>\n<br \/>&#8211; Col rond<br \/>\n<br \/>&#8211; Manches longues<br \/>\n<br \/>&#8211; Poignets \u00e9vas\u00e9s<br \/>\n<br \/>&#8211; Coupe regular<\/p>\n","protected":false},"excerpt":{"rendered":"<p>Une d\u00e9licate orchid\u00e9e s&#8217;invite sur cette robe longue aux lignes \u00e9pur\u00e9es. Tout en \u00e9l\u00e9gance, elle d\u00e9voile un col rond, des poignets \u00e9vas\u00e9s et une jupe fluide. &#8211; Robe longue Femme &#8211; Imprim\u00e9 fleuri &#8211; Col rond &#8211; Manches longues &#8211; Poignets \u00e9vas\u00e9s &#8211; Coupe regular<\/p>\n","protected":false},"featured_media":1808490,"comment_status":"open","ping_status":"closed","template":"","meta":[],"product_brand":[6868],"product_cat":[1756,1762],"product_tag":[2244],"acf":[],"_links":{"self":[{"href":"https:\/\/streetmarkets.fr\/app\/wp-json\/wp\/v2\/product\/1808489"}],"collection":[{"href":"https:\/\/streetmarkets.fr\/app\/wp-json\/wp\/v2\/product"}],"about":[{"href":"https:\/\/streetmarkets.fr\/app\/wp-json\/wp\/v2\/types\/product"}],"replies":[{"embeddable":true,"href":"https:\/\/streetmarkets.fr\/app\/wp-json\/wp\/v2\/comments?post=1808489"}],"wp:featuredmedia":[{"embeddable":true,"href":"https:\/\/streetmarkets.fr\/app\/wp-json\/wp\/v2\/media\/1808490"}],"wp:attachment":[{"href":"https:\/\/streetmarkets.fr\/app\/wp-json\/wp\/v2\/media?parent=1808489"}],"wp:term":[{"taxonomy":"product_brand","embeddable":true,"href":"https:\/\/streetmarkets.fr\/app\/wp-json\/wp\/v2\/product_brand?post=1808489"},{"taxonomy":"product_cat","embeddable":true,"href":"https:\/\/streetmarkets.fr\/app\/wp-json\/wp\/v2\/product_cat?post=1808489"},{"taxonomy":"product_tag","embeddable":true,"href":"https:\/\/streetmarkets.fr\/app\/wp-json\/wp\/v2\/product_tag?post=1808489"}],"curies":[{"name":"wp","href":"https:\/\/api.w.org\/{rel}","templated":true}]}}