{"id":1803015,"date":"2025-04-29T08:42:49","date_gmt":"2025-04-29T06:42:49","guid":{"rendered":"https:\/\/streetmarkets.fr\/app\/produit\/bracelet-muamara-string-fluorite-dag-gioelli\/"},"modified":"2026-04-28T08:38:43","modified_gmt":"2026-04-28T06:38:43","slug":"bracelet-muamara-string-fluorite-dag-gioelli","status":"publish","type":"product","link":"https:\/\/streetmarkets.fr\/app\/produit\/bracelet-muamara-string-fluorite-dag-gioelli\/","title":{"rendered":"Bracelet Muamara string fluorite &#8211; Dag Gioelli"},"content":{"rendered":"<p>Bracelet 2 tours compos\u00e9 d&#8217;un tissage fin avec chaine en argent dor\u00e9 et pierres en florite.\u00a0\u00a0<\/p>\n<p>Fermeture avec fermoir et cha\u00eene de r\u00e9glage\u00a0<\/p>\n<p>Esprit boh\u00e8me chic avec un magnifique travail artisanal.<\/p>\n<p>Les bijoux sont imagin\u00e9s et fabriqu\u00e9s en Italie dans l&#8217;atelier familial de Valentina.\u00a0<\/p>\n<p><\/p>\n","protected":false},"excerpt":{"rendered":"<p>Bracelet 2 tours compos\u00e9 d&#8217;un tissage fin avec chaine en argent dor\u00e9 et pierres en florite.\u00a0\u00a0 Fermeture avec fermoir et cha\u00eene de r\u00e9glage\u00a0 Esprit boh\u00e8me chic avec un magnifique travail artisanal. Les bijoux sont imagin\u00e9s et fabriqu\u00e9s en Italie dans l&#8217;atelier familial de Valentina.\u00a0<\/p>\n","protected":false},"featured_media":1803016,"comment_status":"open","ping_status":"closed","template":"","meta":[],"product_brand":[],"product_cat":[1807,1756],"product_tag":[2244],"acf":[],"_links":{"self":[{"href":"https:\/\/streetmarkets.fr\/app\/wp-json\/wp\/v2\/product\/1803015"}],"collection":[{"href":"https:\/\/streetmarkets.fr\/app\/wp-json\/wp\/v2\/product"}],"about":[{"href":"https:\/\/streetmarkets.fr\/app\/wp-json\/wp\/v2\/types\/product"}],"replies":[{"embeddable":true,"href":"https:\/\/streetmarkets.fr\/app\/wp-json\/wp\/v2\/comments?post=1803015"}],"wp:featuredmedia":[{"embeddable":true,"href":"https:\/\/streetmarkets.fr\/app\/wp-json\/wp\/v2\/media\/1803016"}],"wp:attachment":[{"href":"https:\/\/streetmarkets.fr\/app\/wp-json\/wp\/v2\/media?parent=1803015"}],"wp:term":[{"taxonomy":"product_brand","embeddable":true,"href":"https:\/\/streetmarkets.fr\/app\/wp-json\/wp\/v2\/product_brand?post=1803015"},{"taxonomy":"product_cat","embeddable":true,"href":"https:\/\/streetmarkets.fr\/app\/wp-json\/wp\/v2\/product_cat?post=1803015"},{"taxonomy":"product_tag","embeddable":true,"href":"https:\/\/streetmarkets.fr\/app\/wp-json\/wp\/v2\/product_tag?post=1803015"}],"curies":[{"name":"wp","href":"https:\/\/api.w.org\/{rel}","templated":true}]}}