{"id":1798156,"date":"2025-04-28T06:52:56","date_gmt":"2025-04-28T04:52:56","guid":{"rendered":"https:\/\/streetmarkets.fr\/app\/produit\/cravate-tresse-en-soie\/"},"modified":"2026-03-16T05:47:06","modified_gmt":"2026-03-16T04:47:06","slug":"cravate-tresse-en-soie","status":"publish","type":"product","link":"https:\/\/streetmarkets.fr\/app\/produit\/cravate-tresse-en-soie\/","title":{"rendered":"Cravate Tricot 100% Soie"},"content":{"rendered":"<p class=\"\" data-end=\"556\" data-start=\"160\">\u00c9levez votre style avec la <strong data-end=\"222\" data-start=\"190\">cravate tress\u00e9e en 100% soie<\/strong> de la prestigieuse marque <strong data-end=\"266\" data-start=\"249\">Gierre Milano<\/strong>. Son tissage <strong data-end=\"303\" data-start=\"280\">complexe et \u00e9l\u00e9gant<\/strong> offre une <strong data-end=\"331\" data-start=\"314\">texture riche<\/strong> et un <strong data-end=\"355\" data-start=\"338\">reflet subtil<\/strong>, capturant la lumi\u00e8re d&#8217;une mani\u00e8re \u00e0 la fois raffin\u00e9e et contemporaine. Con\u00e7ue dans un souci de <strong data-end=\"475\" data-start=\"453\">qualit\u00e9 sup\u00e9rieure<\/strong>, cette cravate est un m\u00e9lange parfait de <strong data-end=\"535\" data-start=\"517\">sophistication<\/strong> et de <strong data-end=\"555\" data-start=\"542\">modernit\u00e9<\/strong>.<\/p>\n<p class=\"\" data-end=\"883\" data-start=\"558\">La <strong data-end=\"569\" data-start=\"561\">soie<\/strong> conf\u00e8re \u00e0 ce mod\u00e8le un <strong data-end=\"608\" data-start=\"593\">touch\u00e9 doux<\/strong> et agr\u00e9able, tandis que le tissage tress\u00e9 ajoute une dimension unique, offrant une <strong data-end=\"713\" data-start=\"692\">finition luxueuse<\/strong> qui se distingue. Id\u00e9ale pour <strong data-end=\"768\" data-start=\"744\">compl\u00e9ter un costume<\/strong> ou une <strong data-end=\"798\" data-start=\"776\">veste de caract\u00e8re<\/strong>, elle apportera une <strong data-end=\"845\" data-start=\"819\">touche de personnalit\u00e9<\/strong> tout en restant \u00e9l\u00e9gante et discr\u00e8te.<\/p>\n<p class=\"\" data-end=\"1196\" data-start=\"885\">Confectionn\u00e9e en <strong data-end=\"912\" data-start=\"902\">Italie<\/strong>, cette cravate <strong data-end=\"945\" data-start=\"928\">Gierre Milano<\/strong> incarne le <strong data-end=\"983\" data-start=\"957\">savoir-faire artisanal<\/strong> et la recherche du d\u00e9tail, pour une pi\u00e8ce \u00e0 la fois <strong data-end=\"1048\" data-start=\"1036\">\u00e9l\u00e9gante<\/strong> et <strong data-end=\"1068\" data-start=\"1052\">intemporelle<\/strong>. D\u00e9couvrez-la chez\u00a0<strong data-end=\"1119\" data-start=\"1103\">Harold Paris<\/strong>, votre destination de pr\u00e9dilection pour des accessoires raffin\u00e9s et uniques.<\/p>\n","protected":false},"excerpt":{"rendered":"<p>\u00c9levez votre style avec la cravate tress\u00e9e en 100% soie de la prestigieuse marque Gierre Milano. Son tissage complexe et \u00e9l\u00e9gant offre une texture riche et un reflet subtil, capturant la lumi\u00e8re d&#8217;une mani\u00e8re \u00e0 la fois raffin\u00e9e et contemporaine. Con\u00e7ue dans un souci de qualit\u00e9 sup\u00e9rieure, cette cravate est un m\u00e9lange parfait de sophistication [&hellip;]<\/p>\n","protected":false},"featured_media":1798157,"comment_status":"open","ping_status":"closed","template":"","meta":[],"product_brand":[],"product_cat":[1756,1760],"product_tag":[2244],"acf":[],"_links":{"self":[{"href":"https:\/\/streetmarkets.fr\/app\/wp-json\/wp\/v2\/product\/1798156"}],"collection":[{"href":"https:\/\/streetmarkets.fr\/app\/wp-json\/wp\/v2\/product"}],"about":[{"href":"https:\/\/streetmarkets.fr\/app\/wp-json\/wp\/v2\/types\/product"}],"replies":[{"embeddable":true,"href":"https:\/\/streetmarkets.fr\/app\/wp-json\/wp\/v2\/comments?post=1798156"}],"wp:featuredmedia":[{"embeddable":true,"href":"https:\/\/streetmarkets.fr\/app\/wp-json\/wp\/v2\/media\/1798157"}],"wp:attachment":[{"href":"https:\/\/streetmarkets.fr\/app\/wp-json\/wp\/v2\/media?parent=1798156"}],"wp:term":[{"taxonomy":"product_brand","embeddable":true,"href":"https:\/\/streetmarkets.fr\/app\/wp-json\/wp\/v2\/product_brand?post=1798156"},{"taxonomy":"product_cat","embeddable":true,"href":"https:\/\/streetmarkets.fr\/app\/wp-json\/wp\/v2\/product_cat?post=1798156"},{"taxonomy":"product_tag","embeddable":true,"href":"https:\/\/streetmarkets.fr\/app\/wp-json\/wp\/v2\/product_tag?post=1798156"}],"curies":[{"name":"wp","href":"https:\/\/api.w.org\/{rel}","templated":true}]}}