{"id":1798150,"date":"2025-04-28T06:52:55","date_gmt":"2025-04-28T04:52:55","guid":{"rendered":"https:\/\/streetmarkets.fr\/app\/produit\/cravate-suit-bleu-marine\/"},"modified":"2026-03-16T05:47:06","modified_gmt":"2026-03-16T04:47:06","slug":"cravate-suit-bleu-marine","status":"publish","type":"product","link":"https:\/\/streetmarkets.fr\/app\/produit\/cravate-suit-bleu-marine\/","title":{"rendered":"Cravate Suit bleu marine"},"content":{"rendered":"<p data-start=\"235\" data-end=\"613\" class=\"\">Simplicit\u00e9 et <strong data-start=\"249\" data-end=\"264\">raffinement<\/strong> s&#8217;unissent dans cette <strong data-start=\"287\" data-end=\"306\">cra<\/strong><strong>vate\u00a0bleu marine<\/strong> de la marque <strong data-start=\"332\" data-end=\"340\">Suit<\/strong>. Son design \u00e9pur\u00e9, sans fioritures, incarne une <strong data-start=\"389\" data-end=\"410\">\u00e9l\u00e9gance discr\u00e8te<\/strong> qui la rend id\u00e9ale pour les <strong data-start=\"439\" data-end=\"462\">occasions formelles<\/strong> ou professionnelles. La teinte bleu marine profonde et unie, associ\u00e9e \u00e0 la <strong data-start=\"538\" data-end=\"555\">soie luxueuse<\/strong>, apporte une touche de sophistication sans en faire trop.<\/p>\n<p data-start=\"615\" data-end=\"881\" class=\"\">Confectionn\u00e9e avec soin en lin et polyester, cette cravate pr\u00e9sente une <strong data-start=\"667\" data-end=\"695\">texture fluide et l\u00e9g\u00e8re<\/strong> qui refl\u00e8te subtilement la lumi\u00e8re, tout en restant douce au toucher. Elle se marie parfaitement avec un <strong data-start=\"801\" data-end=\"812\">costume<\/strong> ou une <strong data-start=\"820\" data-end=\"831\">chemise<\/strong> pour un look impeccablement structur\u00e9 et moderne.<\/p>\n<p data-start=\"883\" data-end=\"1161\" class=\"\">D\u00e9couvrez-la d\u00e8s maintenant chez\u00a0<strong data-start=\"1091\" data-end=\"1107\">Harold Paris<\/strong>, votre r\u00e9f\u00e9rence pour un style \u00e9l\u00e9gant et intemporel.<\/p>\n","protected":false},"excerpt":{"rendered":"<p>Simplicit\u00e9 et raffinement s&#8217;unissent dans cette cravate\u00a0bleu marine de la marque Suit. Son design \u00e9pur\u00e9, sans fioritures, incarne une \u00e9l\u00e9gance discr\u00e8te qui la rend id\u00e9ale pour les occasions formelles ou professionnelles. La teinte bleu marine profonde et unie, associ\u00e9e \u00e0 la soie luxueuse, apporte une touche de sophistication sans en faire trop. Confectionn\u00e9e avec soin [&hellip;]<\/p>\n","protected":false},"featured_media":1798151,"comment_status":"open","ping_status":"closed","template":"","meta":[],"product_brand":[],"product_cat":[1756,1760],"product_tag":[2244],"acf":[],"_links":{"self":[{"href":"https:\/\/streetmarkets.fr\/app\/wp-json\/wp\/v2\/product\/1798150"}],"collection":[{"href":"https:\/\/streetmarkets.fr\/app\/wp-json\/wp\/v2\/product"}],"about":[{"href":"https:\/\/streetmarkets.fr\/app\/wp-json\/wp\/v2\/types\/product"}],"replies":[{"embeddable":true,"href":"https:\/\/streetmarkets.fr\/app\/wp-json\/wp\/v2\/comments?post=1798150"}],"wp:featuredmedia":[{"embeddable":true,"href":"https:\/\/streetmarkets.fr\/app\/wp-json\/wp\/v2\/media\/1798151"}],"wp:attachment":[{"href":"https:\/\/streetmarkets.fr\/app\/wp-json\/wp\/v2\/media?parent=1798150"}],"wp:term":[{"taxonomy":"product_brand","embeddable":true,"href":"https:\/\/streetmarkets.fr\/app\/wp-json\/wp\/v2\/product_brand?post=1798150"},{"taxonomy":"product_cat","embeddable":true,"href":"https:\/\/streetmarkets.fr\/app\/wp-json\/wp\/v2\/product_cat?post=1798150"},{"taxonomy":"product_tag","embeddable":true,"href":"https:\/\/streetmarkets.fr\/app\/wp-json\/wp\/v2\/product_tag?post=1798150"}],"curies":[{"name":"wp","href":"https:\/\/api.w.org\/{rel}","templated":true}]}}