{"id":1798144,"date":"2025-04-28T06:52:54","date_gmt":"2025-04-28T04:52:54","guid":{"rendered":"https:\/\/streetmarkets.fr\/app\/produit\/cravate-a-rayures\/"},"modified":"2026-03-16T05:47:06","modified_gmt":"2026-03-16T04:47:06","slug":"cravate-a-rayures","status":"publish","type":"product","link":"https:\/\/streetmarkets.fr\/app\/produit\/cravate-a-rayures\/","title":{"rendered":"Cravate \u00e0 rayures"},"content":{"rendered":"<p data-start=\"209\" data-end=\"512\" class=\"\">Indispensable dans le dressing masculin, la <strong>c<\/strong><strong data-start=\"256\" data-end=\"280\">ravate \u00e0 rayures en soie<\/strong> de <strong>Sams\u00f8e Sams\u00f8e<\/strong>\u00a0allie <strong data-start=\"306\" data-end=\"318\">\u00e9l\u00e9gance<\/strong> et <strong data-start=\"322\" data-end=\"337\">raffinement<\/strong>. Fabriqu\u00e9e en coton et polyester, elle capte la lumi\u00e8re ajoutant un <strong data-start=\"474\" data-end=\"495\">charme intemporel<\/strong> \u00e0 vos ensembles.<\/p>\n<p data-start=\"514\" data-end=\"870\" class=\"\">Pens\u00e9e pour les hommes qui appr\u00e9cient les <strong data-start=\"556\" data-end=\"572\">fins d\u00e9tails<\/strong>, cette cravate saura compl\u00e9ter vos tenues les plus <strong data-start=\"624\" data-end=\"632\">chic<\/strong> comme vos looks plus modernes. Sa couleur sobre et sa finition <strong data-start=\"696\" data-end=\"707\">soign\u00e9e<\/strong> en font un <strong data-start=\"719\" data-end=\"737\">incontournable<\/strong> pour accompagner un <strong data-start=\"758\" data-end=\"779\">costume classique<\/strong>, une <strong data-start=\"785\" data-end=\"805\">veste structur\u00e9e<\/strong> ou m\u00eame une <strong data-start=\"818\" data-end=\"838\">chemise \u00e9l\u00e9gante<\/strong> pour un style plus d\u00e9contract\u00e9.<\/p>\n<p data-start=\"780\" data-end=\"1006\" class=\"\">Chez<strong data-start=\"780\" data-end=\"801\"> Harold Paris<\/strong>, nous s\u00e9lectionnons des pi\u00e8ces <strong data-start=\"833\" data-end=\"850\">intemporelles<\/strong>, porteuses d\u2019un <strong data-start=\"867\" data-end=\"909\">style affirm\u00e9 mais jamais ostentatoire<\/strong>.\u00a0<\/p>\n","protected":false},"excerpt":{"rendered":"<p>Indispensable dans le dressing masculin, la cravate \u00e0 rayures en soie de Sams\u00f8e Sams\u00f8e\u00a0allie \u00e9l\u00e9gance et raffinement. Fabriqu\u00e9e en coton et polyester, elle capte la lumi\u00e8re ajoutant un charme intemporel \u00e0 vos ensembles. Pens\u00e9e pour les hommes qui appr\u00e9cient les fins d\u00e9tails, cette cravate saura compl\u00e9ter vos tenues les plus chic comme vos looks plus [&hellip;]<\/p>\n","protected":false},"featured_media":1798145,"comment_status":"open","ping_status":"closed","template":"","meta":[],"product_brand":[],"product_cat":[1756,1760],"product_tag":[2244],"acf":[],"_links":{"self":[{"href":"https:\/\/streetmarkets.fr\/app\/wp-json\/wp\/v2\/product\/1798144"}],"collection":[{"href":"https:\/\/streetmarkets.fr\/app\/wp-json\/wp\/v2\/product"}],"about":[{"href":"https:\/\/streetmarkets.fr\/app\/wp-json\/wp\/v2\/types\/product"}],"replies":[{"embeddable":true,"href":"https:\/\/streetmarkets.fr\/app\/wp-json\/wp\/v2\/comments?post=1798144"}],"wp:featuredmedia":[{"embeddable":true,"href":"https:\/\/streetmarkets.fr\/app\/wp-json\/wp\/v2\/media\/1798145"}],"wp:attachment":[{"href":"https:\/\/streetmarkets.fr\/app\/wp-json\/wp\/v2\/media?parent=1798144"}],"wp:term":[{"taxonomy":"product_brand","embeddable":true,"href":"https:\/\/streetmarkets.fr\/app\/wp-json\/wp\/v2\/product_brand?post=1798144"},{"taxonomy":"product_cat","embeddable":true,"href":"https:\/\/streetmarkets.fr\/app\/wp-json\/wp\/v2\/product_cat?post=1798144"},{"taxonomy":"product_tag","embeddable":true,"href":"https:\/\/streetmarkets.fr\/app\/wp-json\/wp\/v2\/product_tag?post=1798144"}],"curies":[{"name":"wp","href":"https:\/\/api.w.org\/{rel}","templated":true}]}}