{"id":1798136,"date":"2025-04-28T06:52:54","date_gmt":"2025-04-28T04:52:54","guid":{"rendered":"https:\/\/streetmarkets.fr\/app\/produit\/cravate-motif-lotus\/"},"modified":"2026-03-16T05:47:06","modified_gmt":"2026-03-16T04:47:06","slug":"cravate-motif-lotus","status":"publish","type":"product","link":"https:\/\/streetmarkets.fr\/app\/produit\/cravate-motif-lotus\/","title":{"rendered":"Cravate motif lotus"},"content":{"rendered":"<p data-start=\"165\" data-end=\"470\" class=\"\">Affichez un style audacieux avec cette <strong data-start=\"204\" data-end=\"223\">cravate en soie<\/strong> de la marque <strong data-start=\"237\" data-end=\"248\">Borroni<\/strong>, orn\u00e9e d\u2019un <strong data-start=\"261\" data-end=\"276\">motif lotus<\/strong> net et distinctif. Le motif, particuli\u00e8rement visible, ajoute une <strong data-start=\"343\" data-end=\"363\">dimension unique<\/strong> \u00e0 cette cravate, cr\u00e9ant un contraste raffin\u00e9 avec la texture de la soie, pour un effet visuel sophistiqu\u00e9.<\/p>\n<p data-start=\"472\" data-end=\"809\" class=\"\">Confectionn\u00e9e en <strong data-start=\"489\" data-end=\"519\">soie de qualit\u00e9 sup\u00e9rieure<\/strong>, cette cravate pr\u00e9sente une <strong data-start=\"548\" data-end=\"576\">texture l\u00e9g\u00e8re et fluide<\/strong> qui capte la lumi\u00e8re, donnant une <strong data-start=\"611\" data-end=\"630\">aura d\u2019\u00e9l\u00e9gance<\/strong> \u00e0 vos tenues. Parfaite pour ajouter une touche de caract\u00e8re \u00e0 un <strong data-start=\"696\" data-end=\"707\">costume<\/strong> ou \u00e0 une <strong data-start=\"717\" data-end=\"726\">veste<\/strong>, elle apportera une dimension de style audacieuse sans compromettre la <strong data-start=\"798\" data-end=\"808\">classe<\/strong>.<\/p>\n<p data-start=\"811\" data-end=\"1093\" class=\"\">Fa\u00e7onn\u00e9e en <strong data-start=\"823\" data-end=\"833\">Italie<\/strong>, cette cravate <strong data-start=\"849\" data-end=\"860\">Borroni<\/strong> allie <strong data-start=\"867\" data-end=\"881\">cr\u00e9ativit\u00e9<\/strong> et <strong data-start=\"885\" data-end=\"911\">savoir-faire artisanal<\/strong>, pour une pi\u00e8ce \u00e0 la fois <strong data-start=\"938\" data-end=\"948\">unique<\/strong> et <strong data-start=\"952\" data-end=\"968\">intemporelle<\/strong>. Retrouvez-la d\u00e8s maintenant chez <strong data-start=\"1003\" data-end=\"1019\">Harold Paris<\/strong>, votre destination de pr\u00e9dilection pour un style raffin\u00e9 et contemporain.<\/p>\n","protected":false},"excerpt":{"rendered":"<p>Affichez un style audacieux avec cette cravate en soie de la marque Borroni, orn\u00e9e d\u2019un motif lotus net et distinctif. Le motif, particuli\u00e8rement visible, ajoute une dimension unique \u00e0 cette cravate, cr\u00e9ant un contraste raffin\u00e9 avec la texture de la soie, pour un effet visuel sophistiqu\u00e9. Confectionn\u00e9e en soie de qualit\u00e9 sup\u00e9rieure, cette cravate pr\u00e9sente [&hellip;]<\/p>\n","protected":false},"featured_media":1798137,"comment_status":"open","ping_status":"closed","template":"","meta":[],"product_brand":[],"product_cat":[1756,1760],"product_tag":[2244],"acf":[],"_links":{"self":[{"href":"https:\/\/streetmarkets.fr\/app\/wp-json\/wp\/v2\/product\/1798136"}],"collection":[{"href":"https:\/\/streetmarkets.fr\/app\/wp-json\/wp\/v2\/product"}],"about":[{"href":"https:\/\/streetmarkets.fr\/app\/wp-json\/wp\/v2\/types\/product"}],"replies":[{"embeddable":true,"href":"https:\/\/streetmarkets.fr\/app\/wp-json\/wp\/v2\/comments?post=1798136"}],"wp:featuredmedia":[{"embeddable":true,"href":"https:\/\/streetmarkets.fr\/app\/wp-json\/wp\/v2\/media\/1798137"}],"wp:attachment":[{"href":"https:\/\/streetmarkets.fr\/app\/wp-json\/wp\/v2\/media?parent=1798136"}],"wp:term":[{"taxonomy":"product_brand","embeddable":true,"href":"https:\/\/streetmarkets.fr\/app\/wp-json\/wp\/v2\/product_brand?post=1798136"},{"taxonomy":"product_cat","embeddable":true,"href":"https:\/\/streetmarkets.fr\/app\/wp-json\/wp\/v2\/product_cat?post=1798136"},{"taxonomy":"product_tag","embeddable":true,"href":"https:\/\/streetmarkets.fr\/app\/wp-json\/wp\/v2\/product_tag?post=1798136"}],"curies":[{"name":"wp","href":"https:\/\/api.w.org\/{rel}","templated":true}]}}