{"id":1798120,"date":"2025-04-28T06:52:52","date_gmt":"2025-04-28T04:52:52","guid":{"rendered":"https:\/\/streetmarkets.fr\/app\/produit\/papillon-motif-a-fleurs\/"},"modified":"2026-03-16T05:47:05","modified_gmt":"2026-03-16T04:47:05","slug":"papillon-motif-a-fleurs","status":"publish","type":"product","link":"https:\/\/streetmarkets.fr\/app\/produit\/papillon-motif-a-fleurs\/","title":{"rendered":"Noeud Papillon \u00e0 Fleurs"},"content":{"rendered":"<p data-start=\"136\" data-end=\"408\" class=\"\">Donnez du caract\u00e8re \u00e0 votre look avec le <strong data-start=\"177\" data-end=\"211\">n\u0153ud papillon \u00e0 fleurs<\/strong>\u00a0en <strong data-start=\"215\" data-end=\"229\">100 % soie<\/strong> de <strong data-start=\"233\" data-end=\"244\">Borroni<\/strong>, disponible chez <strong data-start=\"262\" data-end=\"272\">Harold<\/strong>. Ce mod\u00e8le au <strong data-start=\"287\" data-end=\"305\">design moderne<\/strong> et <strong data-start=\"309\" data-end=\"322\">audacieux<\/strong> est parfait pour ceux qui veulent ajouter une touche unique et raffin\u00e9e \u00e0 leur tenue.<\/p>\n<p data-start=\"410\" data-end=\"846\" class=\"\">Confectionn\u00e9 en <strong data-start=\"426\" data-end=\"451\">soie de haute qualit\u00e9<\/strong>, chaque n\u0153ud papillon est <strong data-start=\"478\" data-end=\"496\">nou\u00e9 \u00e0 la main<\/strong>, garantissant une coupe nette et un <strong data-start=\"533\" data-end=\"555\">ajustement optimal<\/strong>. Son <strong data-start=\"561\" data-end=\"584\">motif floral subtil<\/strong> et ses <strong data-start=\"592\" data-end=\"613\">finitions soign\u00e9es<\/strong> apportent une <strong data-start=\"628\" data-end=\"640\">l\u00e9g\u00e8ret\u00e9<\/strong> et une <strong data-start=\"648\" data-end=\"661\">fra\u00eecheur<\/strong> qui en font le choix parfait pour des occasions printani\u00e8res ou des soir\u00e9es \u00e9l\u00e9gantes.<\/p>\n<p data-start=\"410\" data-end=\"846\" class=\"\">Associez-le \u00e0 une\u00a0<strong data-start=\"767\" data-end=\"786\">chemise blanche<\/strong> et un <strong data-start=\"793\" data-end=\"815\">costume bien coup\u00e9<\/strong> pour un look soign\u00e9 et actuel. Venez d\u00e9couvrir notre collection compl\u00e8te en magasin, chez <strong>Harold<\/strong> au coeur du Marais, \u00e0 Paris.<\/p>\n","protected":false},"excerpt":{"rendered":"<p>Donnez du caract\u00e8re \u00e0 votre look avec le n\u0153ud papillon \u00e0 fleurs\u00a0en 100 % soie de Borroni, disponible chez Harold. Ce mod\u00e8le au design moderne et audacieux est parfait pour ceux qui veulent ajouter une touche unique et raffin\u00e9e \u00e0 leur tenue. Confectionn\u00e9 en soie de haute qualit\u00e9, chaque n\u0153ud papillon est nou\u00e9 \u00e0 la [&hellip;]<\/p>\n","protected":false},"featured_media":1798121,"comment_status":"open","ping_status":"closed","template":"","meta":[],"product_brand":[],"product_cat":[1756,1760],"product_tag":[2244],"acf":[],"_links":{"self":[{"href":"https:\/\/streetmarkets.fr\/app\/wp-json\/wp\/v2\/product\/1798120"}],"collection":[{"href":"https:\/\/streetmarkets.fr\/app\/wp-json\/wp\/v2\/product"}],"about":[{"href":"https:\/\/streetmarkets.fr\/app\/wp-json\/wp\/v2\/types\/product"}],"replies":[{"embeddable":true,"href":"https:\/\/streetmarkets.fr\/app\/wp-json\/wp\/v2\/comments?post=1798120"}],"wp:featuredmedia":[{"embeddable":true,"href":"https:\/\/streetmarkets.fr\/app\/wp-json\/wp\/v2\/media\/1798121"}],"wp:attachment":[{"href":"https:\/\/streetmarkets.fr\/app\/wp-json\/wp\/v2\/media?parent=1798120"}],"wp:term":[{"taxonomy":"product_brand","embeddable":true,"href":"https:\/\/streetmarkets.fr\/app\/wp-json\/wp\/v2\/product_brand?post=1798120"},{"taxonomy":"product_cat","embeddable":true,"href":"https:\/\/streetmarkets.fr\/app\/wp-json\/wp\/v2\/product_cat?post=1798120"},{"taxonomy":"product_tag","embeddable":true,"href":"https:\/\/streetmarkets.fr\/app\/wp-json\/wp\/v2\/product_tag?post=1798120"}],"curies":[{"name":"wp","href":"https:\/\/api.w.org\/{rel}","templated":true}]}}