{"id":1798106,"date":"2025-04-28T06:52:50","date_gmt":"2025-04-28T04:52:50","guid":{"rendered":"https:\/\/streetmarkets.fr\/app\/produit\/papillon-lotus\/"},"modified":"2026-03-16T05:47:05","modified_gmt":"2026-03-16T04:47:05","slug":"papillon-lotus","status":"publish","type":"product","link":"https:\/\/streetmarkets.fr\/app\/produit\/papillon-lotus\/","title":{"rendered":"Papillon Lotus"},"content":{"rendered":"<p data-start=\"214\" data-end=\"519\" class=\"\">Le<strong> n\u0153ud papillon \u00e0 motif lotus 100 % soie <\/strong>de la maison <strong data-start=\"269\" data-end=\"280\">Borroni<\/strong>, disponible chez <strong data-start=\"298\" data-end=\"308\">Harold<\/strong>, propose une alternative aux imprim\u00e9s classiques. Son motif floral stylis\u00e9 apporte une note graphique \u00e9quilibr\u00e9e, id\u00e9ale pour varier les textures et les motifs tout en restant dans un registre \u00e9l\u00e9gant.<\/p>\n<p data-start=\"521\" data-end=\"827\" class=\"\">Confectionn\u00e9 dans une <strong data-start=\"543\" data-end=\"571\">soie souple et lumineuse<\/strong>, il se distingue par la pr\u00e9cision de son dessin et la qualit\u00e9 de sa finition. Facile \u00e0 associer \u00e0 une chemise unie ou un costume structur\u00e9, il convient aussi bien aux \u00e9v\u00e9nements formels qu\u2019aux silhouettes plus d\u00e9contract\u00e9es, sans jamais para\u00eetre excessif.<\/p>\n<p data-start=\"829\" data-end=\"958\" class=\"\">Pens\u00e9 pour ceux qui appr\u00e9cient les <strong data-start=\"864\" data-end=\"883\">d\u00e9tails subtils<\/strong>, ce mod\u00e8le s\u2019ajuste facilement gr\u00e2ce \u00e0 son <strong data-start=\"927\" data-end=\"957\">syst\u00e8me de nouage r\u00e9glable<\/strong>.<\/p>\n","protected":false},"excerpt":{"rendered":"<p>Le n\u0153ud papillon \u00e0 motif lotus 100 % soie de la maison Borroni, disponible chez Harold, propose une alternative aux imprim\u00e9s classiques. Son motif floral stylis\u00e9 apporte une note graphique \u00e9quilibr\u00e9e, id\u00e9ale pour varier les textures et les motifs tout en restant dans un registre \u00e9l\u00e9gant. Confectionn\u00e9 dans une soie souple et lumineuse, il se [&hellip;]<\/p>\n","protected":false},"featured_media":1798107,"comment_status":"open","ping_status":"closed","template":"","meta":[],"product_brand":[],"product_cat":[1756,1760],"product_tag":[2244],"acf":[],"_links":{"self":[{"href":"https:\/\/streetmarkets.fr\/app\/wp-json\/wp\/v2\/product\/1798106"}],"collection":[{"href":"https:\/\/streetmarkets.fr\/app\/wp-json\/wp\/v2\/product"}],"about":[{"href":"https:\/\/streetmarkets.fr\/app\/wp-json\/wp\/v2\/types\/product"}],"replies":[{"embeddable":true,"href":"https:\/\/streetmarkets.fr\/app\/wp-json\/wp\/v2\/comments?post=1798106"}],"wp:featuredmedia":[{"embeddable":true,"href":"https:\/\/streetmarkets.fr\/app\/wp-json\/wp\/v2\/media\/1798107"}],"wp:attachment":[{"href":"https:\/\/streetmarkets.fr\/app\/wp-json\/wp\/v2\/media?parent=1798106"}],"wp:term":[{"taxonomy":"product_brand","embeddable":true,"href":"https:\/\/streetmarkets.fr\/app\/wp-json\/wp\/v2\/product_brand?post=1798106"},{"taxonomy":"product_cat","embeddable":true,"href":"https:\/\/streetmarkets.fr\/app\/wp-json\/wp\/v2\/product_cat?post=1798106"},{"taxonomy":"product_tag","embeddable":true,"href":"https:\/\/streetmarkets.fr\/app\/wp-json\/wp\/v2\/product_tag?post=1798106"}],"curies":[{"name":"wp","href":"https:\/\/api.w.org\/{rel}","templated":true}]}}