{"id":1798084,"date":"2025-04-28T06:52:47","date_gmt":"2025-04-28T04:52:47","guid":{"rendered":"https:\/\/streetmarkets.fr\/app\/produit\/papillon-soie-texture\/"},"modified":"2026-03-16T05:47:05","modified_gmt":"2026-03-16T04:47:05","slug":"papillon-soie-texture","status":"publish","type":"product","link":"https:\/\/streetmarkets.fr\/app\/produit\/papillon-soie-texture\/","title":{"rendered":"Noeud Papillon soie texture"},"content":{"rendered":"<p><span>Ajoutez une touche d&#8217;\u00e9l\u00e9gance \u00e0 votre tenue avec le <\/span><strong>n\u0153ud papillon en 100% soie textur\u00e9e<\/strong><span> de Borroni, disponible chez Harold en <\/span><strong>bleu marine, orange, jaune et rouge<\/strong><span>. <\/span><\/p>\n<p><span>Ce n\u0153ud papillon, \u00e0 la fois\u00a0<\/span><strong>moderne et intemporel<\/strong><span>, est con\u00e7u pour tout homme soucieux de son style. Les\u00a0<\/span><strong>finitions impeccables<\/strong><span> en font un accessoire remarquable, alliant confort et sophistication. <\/span><\/p>\n<p><span>Fabriqu\u00e9 en\u00a0<\/span><strong>soie textur\u00e9e de premi\u00e8re qualit\u00e9<\/strong><span>, ce n\u0153ud papillon <\/span><strong>se noue \u00e0 la main<\/strong><span>, garantissant un ajustement parfait. Son aspect textur\u00e9 unique ajoute une profondeur visuelle \u00e0 vos tenues, id\u00e9al pour les <\/span><strong>\u00e9v\u00e9nements formels ou les sorties d\u00e9contract\u00e9es<\/strong><span>. <\/span><\/p>\n<p><span>Portez-le avec un\u00a0<\/span><strong>costume bien taill\u00e9 et une chemise blanche<\/strong><span> pour un look raffin\u00e9. Avec le n\u0153ud papillon Borroni, chaque d\u00e9tail est pens\u00e9 pour sublimer votre allure, faisant de chaque moment une occasion sp\u00e9ciale gr\u00e2ce \u00e0 Harold.<\/span><\/p>\n","protected":false},"excerpt":{"rendered":"<p>Ajoutez une touche d&#8217;\u00e9l\u00e9gance \u00e0 votre tenue avec le n\u0153ud papillon en 100% soie textur\u00e9e de Borroni, disponible chez Harold en bleu marine, orange, jaune et rouge. Ce n\u0153ud papillon, \u00e0 la fois\u00a0moderne et intemporel, est con\u00e7u pour tout homme soucieux de son style. Les\u00a0finitions impeccables en font un accessoire remarquable, alliant confort et sophistication. [&hellip;]<\/p>\n","protected":false},"featured_media":1798085,"comment_status":"open","ping_status":"closed","template":"","meta":[],"product_brand":[],"product_cat":[1756,1760],"product_tag":[2244],"acf":[],"_links":{"self":[{"href":"https:\/\/streetmarkets.fr\/app\/wp-json\/wp\/v2\/product\/1798084"}],"collection":[{"href":"https:\/\/streetmarkets.fr\/app\/wp-json\/wp\/v2\/product"}],"about":[{"href":"https:\/\/streetmarkets.fr\/app\/wp-json\/wp\/v2\/types\/product"}],"replies":[{"embeddable":true,"href":"https:\/\/streetmarkets.fr\/app\/wp-json\/wp\/v2\/comments?post=1798084"}],"wp:featuredmedia":[{"embeddable":true,"href":"https:\/\/streetmarkets.fr\/app\/wp-json\/wp\/v2\/media\/1798085"}],"wp:attachment":[{"href":"https:\/\/streetmarkets.fr\/app\/wp-json\/wp\/v2\/media?parent=1798084"}],"wp:term":[{"taxonomy":"product_brand","embeddable":true,"href":"https:\/\/streetmarkets.fr\/app\/wp-json\/wp\/v2\/product_brand?post=1798084"},{"taxonomy":"product_cat","embeddable":true,"href":"https:\/\/streetmarkets.fr\/app\/wp-json\/wp\/v2\/product_cat?post=1798084"},{"taxonomy":"product_tag","embeddable":true,"href":"https:\/\/streetmarkets.fr\/app\/wp-json\/wp\/v2\/product_tag?post=1798084"}],"curies":[{"name":"wp","href":"https:\/\/api.w.org\/{rel}","templated":true}]}}