{"id":1793497,"date":"2025-04-28T02:10:19","date_gmt":"2025-04-28T00:10:19","guid":{"rendered":"https:\/\/streetmarkets.fr\/app\/produit\/nouveau-mother-t-shirt-the-l-s-slouchy-cut-off-mysticism-article-point-rouge-de-retour-tres-vite\/"},"modified":"2026-03-18T01:00:35","modified_gmt":"2026-03-18T00:00:35","slug":"nouveau-mother-t-shirt-the-l-s-slouchy-cut-off-mysticism-article-point-rouge-de-retour-tres-vite","status":"publish","type":"product","link":"https:\/\/streetmarkets.fr\/app\/produit\/nouveau-mother-t-shirt-the-l-s-slouchy-cut-off-mysticism-article-point-rouge-de-retour-tres-vite\/","title":{"rendered":"Nouveau ! MOTHER T-shirt The L\/S Slouchy Cut Off Mysticism -30%"},"content":{"rendered":"<p data-rte-preserve-empty=\"true\">T-shirt en coton \u00e0 motif d\u2019Astrologie, coupe ample, manches longues et poignets resserr\u00e9s, emmanchure large et encolure arrondie, tr\u00e8s souple, cocooning et tout doux.<\/p>\n<p data-rte-preserve-empty=\"true\">D\u00e9tail : 60% coton, 40% coton recycl\u00e9<\/p>\n","protected":false},"excerpt":{"rendered":"<p>T-shirt en coton \u00e0 motif d\u2019Astrologie, coupe ample, manches longues et poignets resserr\u00e9s, emmanchure large et encolure arrondie, tr\u00e8s souple, cocooning et tout doux. D\u00e9tail : 60% coton, 40% coton recycl\u00e9<\/p>\n","protected":false},"featured_media":1793498,"comment_status":"open","ping_status":"closed","template":"","meta":[],"product_brand":[],"product_cat":[1756,1762],"product_tag":[2244],"acf":[],"_links":{"self":[{"href":"https:\/\/streetmarkets.fr\/app\/wp-json\/wp\/v2\/product\/1793497"}],"collection":[{"href":"https:\/\/streetmarkets.fr\/app\/wp-json\/wp\/v2\/product"}],"about":[{"href":"https:\/\/streetmarkets.fr\/app\/wp-json\/wp\/v2\/types\/product"}],"replies":[{"embeddable":true,"href":"https:\/\/streetmarkets.fr\/app\/wp-json\/wp\/v2\/comments?post=1793497"}],"wp:featuredmedia":[{"embeddable":true,"href":"https:\/\/streetmarkets.fr\/app\/wp-json\/wp\/v2\/media\/1793498"}],"wp:attachment":[{"href":"https:\/\/streetmarkets.fr\/app\/wp-json\/wp\/v2\/media?parent=1793497"}],"wp:term":[{"taxonomy":"product_brand","embeddable":true,"href":"https:\/\/streetmarkets.fr\/app\/wp-json\/wp\/v2\/product_brand?post=1793497"},{"taxonomy":"product_cat","embeddable":true,"href":"https:\/\/streetmarkets.fr\/app\/wp-json\/wp\/v2\/product_cat?post=1793497"},{"taxonomy":"product_tag","embeddable":true,"href":"https:\/\/streetmarkets.fr\/app\/wp-json\/wp\/v2\/product_tag?post=1793497"}],"curies":[{"name":"wp","href":"https:\/\/api.w.org\/{rel}","templated":true}]}}