{"id":1793478,"date":"2025-04-28T02:10:17","date_gmt":"2025-04-28T00:10:17","guid":{"rendered":"https:\/\/streetmarkets.fr\/app\/produit\/nouveau-mother-t-shirt-the-rowdy-sun-moon-and-stars-article-point-rouge-de-retour-tres-vite\/"},"modified":"2025-09-08T02:09:36","modified_gmt":"2025-09-08T00:09:36","slug":"nouveau-mother-t-shirt-the-rowdy-sun-moon-and-stars-article-point-rouge-de-retour-tres-vite","status":"publish","type":"product","link":"https:\/\/streetmarkets.fr\/app\/produit\/nouveau-mother-t-shirt-the-rowdy-sun-moon-and-stars-article-point-rouge-de-retour-tres-vite\/","title":{"rendered":"Nouveau ! MOTHER T-shirt The Rowdy Sun Moon And Stars"},"content":{"rendered":"<p data-rte-preserve-empty=\"true\">T-shirt en coton \u00e0 motif Boh\u00e8me, coupe ample et droite, manches courtes et encolure arrondie, souple et tout doux.<\/p>\n<p data-rte-preserve-empty=\"true\">D\u00e9tail : 100% coton<\/p>\n","protected":false},"excerpt":{"rendered":"<p>T-shirt en coton \u00e0 motif Boh\u00e8me, coupe ample et droite, manches courtes et encolure arrondie, souple et tout doux. D\u00e9tail : 100% coton<\/p>\n","protected":false},"featured_media":1793479,"comment_status":"open","ping_status":"closed","template":"","meta":[],"product_brand":[],"product_cat":[1756,1762],"product_tag":[2244],"acf":[],"_links":{"self":[{"href":"https:\/\/streetmarkets.fr\/app\/wp-json\/wp\/v2\/product\/1793478"}],"collection":[{"href":"https:\/\/streetmarkets.fr\/app\/wp-json\/wp\/v2\/product"}],"about":[{"href":"https:\/\/streetmarkets.fr\/app\/wp-json\/wp\/v2\/types\/product"}],"replies":[{"embeddable":true,"href":"https:\/\/streetmarkets.fr\/app\/wp-json\/wp\/v2\/comments?post=1793478"}],"wp:featuredmedia":[{"embeddable":true,"href":"https:\/\/streetmarkets.fr\/app\/wp-json\/wp\/v2\/media\/1793479"}],"wp:attachment":[{"href":"https:\/\/streetmarkets.fr\/app\/wp-json\/wp\/v2\/media?parent=1793478"}],"wp:term":[{"taxonomy":"product_brand","embeddable":true,"href":"https:\/\/streetmarkets.fr\/app\/wp-json\/wp\/v2\/product_brand?post=1793478"},{"taxonomy":"product_cat","embeddable":true,"href":"https:\/\/streetmarkets.fr\/app\/wp-json\/wp\/v2\/product_cat?post=1793478"},{"taxonomy":"product_tag","embeddable":true,"href":"https:\/\/streetmarkets.fr\/app\/wp-json\/wp\/v2\/product_tag?post=1793478"}],"curies":[{"name":"wp","href":"https:\/\/api.w.org\/{rel}","templated":true}]}}