{"id":1777357,"date":"2025-04-25T07:30:46","date_gmt":"2025-04-25T05:30:46","guid":{"rendered":"https:\/\/streetmarkets.fr\/app\/produit\/porte-cravate-voyage-gucci-vintage\/"},"modified":"2026-05-12T07:31:53","modified_gmt":"2026-05-12T05:31:53","slug":"porte-cravate-voyage-gucci-vintage","status":"publish","type":"product","link":"https:\/\/streetmarkets.fr\/app\/produit\/porte-cravate-voyage-gucci-vintage\/","title":{"rendered":"Porte cravate voyage Gucci vintage"},"content":{"rendered":"<p class=\"p1\"><span class=\"s1\">Porte-cravate Gucci en cuir lisse marron. Fermeture zipp\u00e9e. L&#8217;int\u00e9rieur est en su\u00e8de vert. Il comprend 4 accroches en m\u00e9tal dor\u00e9 avec un embout en forme de mors \u00e0 cheval ainsi qu&#8217;une plaque m\u00e9tallique sigl\u00e9 Gucci. En tr\u00e8s bon \u00e9tat. Quelques marques d&#8217;usure d&#8217;usage sont visibles sur le velours et une petite d\u00e9chirure du cuir sur l&#8217;un des coins. Voir photos.<\/span><\/p>\n<p class=\"p1\"><span class=\"s1\">Il se distingue par son design sobre et raffin\u00e9. <\/span><span class=\"s1\">Il offre un format pratique et compact, parfaitement adapt\u00e9 aux d\u00e9placements. Pens\u00e9 pour les voyages, ce porte-cravate prot\u00e8ge et organise vos accessoires avec style.<\/span><\/p>\n","protected":false},"excerpt":{"rendered":"<p>Porte-cravate Gucci en cuir lisse marron. Fermeture zipp\u00e9e. L&#8217;int\u00e9rieur est en su\u00e8de vert. Il comprend 4 accroches en m\u00e9tal dor\u00e9 avec un embout en forme de mors \u00e0 cheval ainsi qu&#8217;une plaque m\u00e9tallique sigl\u00e9 Gucci. En tr\u00e8s bon \u00e9tat. Quelques marques d&#8217;usure d&#8217;usage sont visibles sur le velours et une petite d\u00e9chirure du cuir sur [&hellip;]<\/p>\n","protected":false},"featured_media":1777358,"comment_status":"open","ping_status":"closed","template":"","meta":[],"product_brand":[],"product_cat":[1756,1760],"product_tag":[2122],"acf":[],"_links":{"self":[{"href":"https:\/\/streetmarkets.fr\/app\/wp-json\/wp\/v2\/product\/1777357"}],"collection":[{"href":"https:\/\/streetmarkets.fr\/app\/wp-json\/wp\/v2\/product"}],"about":[{"href":"https:\/\/streetmarkets.fr\/app\/wp-json\/wp\/v2\/types\/product"}],"replies":[{"embeddable":true,"href":"https:\/\/streetmarkets.fr\/app\/wp-json\/wp\/v2\/comments?post=1777357"}],"wp:featuredmedia":[{"embeddable":true,"href":"https:\/\/streetmarkets.fr\/app\/wp-json\/wp\/v2\/media\/1777358"}],"wp:attachment":[{"href":"https:\/\/streetmarkets.fr\/app\/wp-json\/wp\/v2\/media?parent=1777357"}],"wp:term":[{"taxonomy":"product_brand","embeddable":true,"href":"https:\/\/streetmarkets.fr\/app\/wp-json\/wp\/v2\/product_brand?post=1777357"},{"taxonomy":"product_cat","embeddable":true,"href":"https:\/\/streetmarkets.fr\/app\/wp-json\/wp\/v2\/product_cat?post=1777357"},{"taxonomy":"product_tag","embeddable":true,"href":"https:\/\/streetmarkets.fr\/app\/wp-json\/wp\/v2\/product_tag?post=1777357"}],"curies":[{"name":"wp","href":"https:\/\/api.w.org\/{rel}","templated":true}]}}