{"id":1772247,"date":"2025-04-25T01:56:32","date_gmt":"2025-04-24T23:56:32","guid":{"rendered":"https:\/\/streetmarkets.fr\/app\/produit\/t-shirt-col-rond-manches-courtes-s25-homme-washed-black-3\/"},"modified":"2026-02-20T00:53:03","modified_gmt":"2026-02-19T23:53:03","slug":"t-shirt-col-rond-manches-courtes-s25-homme-washed-black-3","status":"publish","type":"product","link":"https:\/\/streetmarkets.fr\/app\/produit\/t-shirt-col-rond-manches-courtes-s25-homme-washed-black-3\/","title":{"rendered":"T-shirt Col Rond Manches Courtes (S25 \/ HOMME \/ Washed Black)"},"content":{"rendered":"<p>Avec son allure d\u00e9contract\u00e9e, ce t-shirt en coton vous invite \u00e0 rejoindre le Club ! Muni d&#8217;un col rond et de manches courtes, il arbore une poche avant, r\u00e9v\u00e9lant une broderie &#8220;Future&#8221; sur la poitrine.<\/p>\n<p>&#8211; T-shirt en coton Homme<br \/>\n<br \/>&#8211; Broderie &#8220;Future&#8221; sur la poitrine<br \/>\n<br \/>&#8211; Poche avant<br \/>\n<br \/>&#8211; Col rond<br \/>\n<br \/>&#8211; Manches courtes<br \/>\n<br \/>&#8211; Coupe regular<\/p>\n","protected":false},"excerpt":{"rendered":"<p>Avec son allure d\u00e9contract\u00e9e, ce t-shirt en coton vous invite \u00e0 rejoindre le Club ! Muni d&#8217;un col rond et de manches courtes, il arbore une poche avant, r\u00e9v\u00e9lant une broderie &#8220;Future&#8221; sur la poitrine. &#8211; T-shirt en coton Homme &#8211; Broderie &#8220;Future&#8221; sur la poitrine &#8211; Poche avant &#8211; Col rond &#8211; Manches courtes [&hellip;]<\/p>\n","protected":false},"featured_media":1772248,"comment_status":"open","ping_status":"closed","template":"","meta":[],"product_brand":[6868],"product_cat":[1756,1758],"product_tag":[2244],"acf":[],"_links":{"self":[{"href":"https:\/\/streetmarkets.fr\/app\/wp-json\/wp\/v2\/product\/1772247"}],"collection":[{"href":"https:\/\/streetmarkets.fr\/app\/wp-json\/wp\/v2\/product"}],"about":[{"href":"https:\/\/streetmarkets.fr\/app\/wp-json\/wp\/v2\/types\/product"}],"replies":[{"embeddable":true,"href":"https:\/\/streetmarkets.fr\/app\/wp-json\/wp\/v2\/comments?post=1772247"}],"wp:featuredmedia":[{"embeddable":true,"href":"https:\/\/streetmarkets.fr\/app\/wp-json\/wp\/v2\/media\/1772248"}],"wp:attachment":[{"href":"https:\/\/streetmarkets.fr\/app\/wp-json\/wp\/v2\/media?parent=1772247"}],"wp:term":[{"taxonomy":"product_brand","embeddable":true,"href":"https:\/\/streetmarkets.fr\/app\/wp-json\/wp\/v2\/product_brand?post=1772247"},{"taxonomy":"product_cat","embeddable":true,"href":"https:\/\/streetmarkets.fr\/app\/wp-json\/wp\/v2\/product_cat?post=1772247"},{"taxonomy":"product_tag","embeddable":true,"href":"https:\/\/streetmarkets.fr\/app\/wp-json\/wp\/v2\/product_tag?post=1772247"}],"curies":[{"name":"wp","href":"https:\/\/api.w.org\/{rel}","templated":true}]}}