{"id":1770843,"date":"2025-04-24T06:52:20","date_gmt":"2025-04-24T04:52:20","guid":{"rendered":"https:\/\/streetmarkets.fr\/app\/produit\/loose-magnus-sun-string-shorts\/"},"modified":"2026-03-16T05:46:44","modified_gmt":"2026-03-16T04:46:44","slug":"loose-magnus-sun-string-shorts","status":"publish","type":"product","link":"https:\/\/streetmarkets.fr\/app\/produit\/loose-magnus-sun-string-shorts\/","title":{"rendered":"Loose Magnus Sun String Shorts"},"content":{"rendered":"<p dir=\"auto\">Apportez une touche printani\u00e8re \u00e0 votre garde-robe avec ce <strong>short en lin<\/strong> de la boutique Harold, situ\u00e9e dans le quartier tendance du Marais \u00e0 Paris. Ce mod\u00e8le, \u00e0 la fois \u00e9l\u00e9gant et d\u00e9contract\u00e9, est parfait pour les journ\u00e9es ensoleill\u00e9es.<\/p>\n<p dir=\"auto\">Con\u00e7u avec une <strong>taille mi-haute<\/strong> et une <strong>coupe ample<\/strong>, ce short offre un confort optimal. Sa braguette zipp\u00e9e, surmont\u00e9e d&#8217;un bouton rivet, et <strong>son cordon de serrage<\/strong> \u00e0 la taille permettent un ajustement parfait. Les passants de ceinture ajoutent une touche pratique, vous permettant de personnaliser votre look avec une ceinture de votre choix.<\/p>\n<p dir=\"auto\">Fabriqu\u00e9 \u00e0 partir d&#8217;un m\u00e9lange de <strong>82 % lin et 18 % coton<\/strong>, ce short est disponible en noir et en beige &#8220;pure cashmere&#8221;. Portez-le avec un T-shirt imprim\u00e9, des baskets en cuir et une veste en denim pour un style urbain et chic. Venez d\u00e9couvrir ce short chez Harold et adoptez une allure printani\u00e8re et raffin\u00e9e.<\/p>\n","protected":false},"excerpt":{"rendered":"<p>Apportez une touche printani\u00e8re \u00e0 votre garde-robe avec ce short en lin de la boutique Harold, situ\u00e9e dans le quartier tendance du Marais \u00e0 Paris. Ce mod\u00e8le, \u00e0 la fois \u00e9l\u00e9gant et d\u00e9contract\u00e9, est parfait pour les journ\u00e9es ensoleill\u00e9es. Con\u00e7u avec une taille mi-haute et une coupe ample, ce short offre un confort optimal. Sa [&hellip;]<\/p>\n","protected":false},"featured_media":1770844,"comment_status":"open","ping_status":"closed","template":"","meta":[],"product_brand":[],"product_cat":[1756,1758],"product_tag":[2244],"acf":[],"_links":{"self":[{"href":"https:\/\/streetmarkets.fr\/app\/wp-json\/wp\/v2\/product\/1770843"}],"collection":[{"href":"https:\/\/streetmarkets.fr\/app\/wp-json\/wp\/v2\/product"}],"about":[{"href":"https:\/\/streetmarkets.fr\/app\/wp-json\/wp\/v2\/types\/product"}],"replies":[{"embeddable":true,"href":"https:\/\/streetmarkets.fr\/app\/wp-json\/wp\/v2\/comments?post=1770843"}],"wp:featuredmedia":[{"embeddable":true,"href":"https:\/\/streetmarkets.fr\/app\/wp-json\/wp\/v2\/media\/1770844"}],"wp:attachment":[{"href":"https:\/\/streetmarkets.fr\/app\/wp-json\/wp\/v2\/media?parent=1770843"}],"wp:term":[{"taxonomy":"product_brand","embeddable":true,"href":"https:\/\/streetmarkets.fr\/app\/wp-json\/wp\/v2\/product_brand?post=1770843"},{"taxonomy":"product_cat","embeddable":true,"href":"https:\/\/streetmarkets.fr\/app\/wp-json\/wp\/v2\/product_cat?post=1770843"},{"taxonomy":"product_tag","embeddable":true,"href":"https:\/\/streetmarkets.fr\/app\/wp-json\/wp\/v2\/product_tag?post=1770843"}],"curies":[{"name":"wp","href":"https:\/\/api.w.org\/{rel}","templated":true}]}}