{"id":1770784,"date":"2025-04-24T06:52:13","date_gmt":"2025-04-24T04:52:13","guid":{"rendered":"https:\/\/streetmarkets.fr\/app\/produit\/alonso-sweatshirt\/"},"modified":"2026-03-16T05:46:44","modified_gmt":"2026-03-16T04:46:44","slug":"alonso-sweatshirt","status":"publish","type":"product","link":"https:\/\/streetmarkets.fr\/app\/produit\/alonso-sweatshirt\/","title":{"rendered":"Alonso Sweatshirt"},"content":{"rendered":"<p dir=\"auto\">D\u00e9couvrez l&#8217;<strong>Alonso<\/strong>, le <strong>sweatshirt<\/strong> incontournable de la boutique Harold, nich\u00e9e au c\u0153ur du Marais \u00e0 Paris. Ce mod\u00e8le allie confort et style avec son col ras du cou et son <strong>poids moyen de 325 GSM<\/strong>, id\u00e9al pour les journ\u00e9es fra\u00eeches.<\/p>\n<p dir=\"auto\">Fabriqu\u00e9 en <strong>100 % coton bio<\/strong>, l&#8217;Alonso est con\u00e7u en <strong>jersey bross\u00e9<\/strong>, offrant une douceur incomparable. Son motif doubl\u00e9 sur le devant, avec un double lettrage, apporte une touche graphique et moderne. Les ourlets c\u00f4tel\u00e9s et les \u00e9paules tombantes ajoutent une <strong>allure d\u00e9contract\u00e9e et tendance<\/strong>, parfaite pour un look urbain.<\/p>\n<p dir=\"auto\">Disponible dans un vert fluo &#8220;butterfly&#8221; \u00e9clatant, ce sweatshirt se d\u00e9marque par son audace et son originalit\u00e9. Que vous le portiez avec un jean ou un pantalon chino, l&#8217;Alonso saura sublimer votre style tout en vous offrant un confort optimal. Venez d\u00e9couvrir cette pi\u00e8ce unique chez Harold et adoptez un look \u00e0 la fois branch\u00e9 et responsable.<\/p>\n","protected":false},"excerpt":{"rendered":"<p>D\u00e9couvrez l&#8217;Alonso, le sweatshirt incontournable de la boutique Harold, nich\u00e9e au c\u0153ur du Marais \u00e0 Paris. Ce mod\u00e8le allie confort et style avec son col ras du cou et son poids moyen de 325 GSM, id\u00e9al pour les journ\u00e9es fra\u00eeches. Fabriqu\u00e9 en 100 % coton bio, l&#8217;Alonso est con\u00e7u en jersey bross\u00e9, offrant une douceur [&hellip;]<\/p>\n","protected":false},"featured_media":1770785,"comment_status":"open","ping_status":"closed","template":"","meta":[],"product_brand":[],"product_cat":[1756,1758],"product_tag":[2244],"acf":[],"_links":{"self":[{"href":"https:\/\/streetmarkets.fr\/app\/wp-json\/wp\/v2\/product\/1770784"}],"collection":[{"href":"https:\/\/streetmarkets.fr\/app\/wp-json\/wp\/v2\/product"}],"about":[{"href":"https:\/\/streetmarkets.fr\/app\/wp-json\/wp\/v2\/types\/product"}],"replies":[{"embeddable":true,"href":"https:\/\/streetmarkets.fr\/app\/wp-json\/wp\/v2\/comments?post=1770784"}],"wp:featuredmedia":[{"embeddable":true,"href":"https:\/\/streetmarkets.fr\/app\/wp-json\/wp\/v2\/media\/1770785"}],"wp:attachment":[{"href":"https:\/\/streetmarkets.fr\/app\/wp-json\/wp\/v2\/media?parent=1770784"}],"wp:term":[{"taxonomy":"product_brand","embeddable":true,"href":"https:\/\/streetmarkets.fr\/app\/wp-json\/wp\/v2\/product_brand?post=1770784"},{"taxonomy":"product_cat","embeddable":true,"href":"https:\/\/streetmarkets.fr\/app\/wp-json\/wp\/v2\/product_cat?post=1770784"},{"taxonomy":"product_tag","embeddable":true,"href":"https:\/\/streetmarkets.fr\/app\/wp-json\/wp\/v2\/product_tag?post=1770784"}],"curies":[{"name":"wp","href":"https:\/\/api.w.org\/{rel}","templated":true}]}}