{"id":1770776,"date":"2025-04-24T06:52:12","date_gmt":"2025-04-24T04:52:12","guid":{"rendered":"https:\/\/streetmarkets.fr\/app\/produit\/alonso-t-shirt\/"},"modified":"2026-03-16T05:46:44","modified_gmt":"2026-03-16T04:46:44","slug":"alonso-t-shirt","status":"publish","type":"product","link":"https:\/\/streetmarkets.fr\/app\/produit\/alonso-t-shirt\/","title":{"rendered":"Alonso T-Shirt"},"content":{"rendered":"<p dir=\"auto\">Apportez une touche de modernit\u00e9 \u00e0 votre garde-robe avec le <strong>tee-shirt mi-lourd<\/strong> de la boutique Harold, situ\u00e9e dans le quartier branch\u00e9 du Marais \u00e0 Paris. Ce mod\u00e8le, d\u00e9clin\u00e9 dans un <strong>vert fluo &#8220;butterfly&#8221;<\/strong> \u00e9clatant, est con\u00e7u pour ceux qui osent se d\u00e9marquer.<\/p>\n<p dir=\"auto\">Fabriqu\u00e9 en 100 % coton bio, ce tee-shirt offre un confort optimal avec son <strong>poids moyen de 185 GSM<\/strong>. Sa <strong>coupe ample<\/strong> et son col ras du cou assurent une allure d\u00e9contract\u00e9e et tendance. L&#8217;impression doubl\u00e9e sur les deux c\u00f4t\u00e9s de la poitrine ajoute une dimension graphique unique, tandis que la couture d\u00e9collet\u00e9e apporte une finition soign\u00e9e.<\/p>\n<p dir=\"auto\">Parfait pour les journ\u00e9es ensoleill\u00e9es ou les soir\u00e9es anim\u00e9es, ce tee-shirt se marie facilement avec un jean ou un short pour un look urbain et styl\u00e9. Venez d\u00e9couvrir cette pi\u00e8ce audacieuse chez Harold et laissez-vous s\u00e9duire par son design contemporain et son engagement pour la mode durable.<\/p>\n","protected":false},"excerpt":{"rendered":"<p>Apportez une touche de modernit\u00e9 \u00e0 votre garde-robe avec le tee-shirt mi-lourd de la boutique Harold, situ\u00e9e dans le quartier branch\u00e9 du Marais \u00e0 Paris. Ce mod\u00e8le, d\u00e9clin\u00e9 dans un vert fluo &#8220;butterfly&#8221; \u00e9clatant, est con\u00e7u pour ceux qui osent se d\u00e9marquer. Fabriqu\u00e9 en 100 % coton bio, ce tee-shirt offre un confort optimal avec [&hellip;]<\/p>\n","protected":false},"featured_media":1770777,"comment_status":"open","ping_status":"closed","template":"","meta":[],"product_brand":[],"product_cat":[1756,1758],"product_tag":[2244],"acf":[],"_links":{"self":[{"href":"https:\/\/streetmarkets.fr\/app\/wp-json\/wp\/v2\/product\/1770776"}],"collection":[{"href":"https:\/\/streetmarkets.fr\/app\/wp-json\/wp\/v2\/product"}],"about":[{"href":"https:\/\/streetmarkets.fr\/app\/wp-json\/wp\/v2\/types\/product"}],"replies":[{"embeddable":true,"href":"https:\/\/streetmarkets.fr\/app\/wp-json\/wp\/v2\/comments?post=1770776"}],"wp:featuredmedia":[{"embeddable":true,"href":"https:\/\/streetmarkets.fr\/app\/wp-json\/wp\/v2\/media\/1770777"}],"wp:attachment":[{"href":"https:\/\/streetmarkets.fr\/app\/wp-json\/wp\/v2\/media?parent=1770776"}],"wp:term":[{"taxonomy":"product_brand","embeddable":true,"href":"https:\/\/streetmarkets.fr\/app\/wp-json\/wp\/v2\/product_brand?post=1770776"},{"taxonomy":"product_cat","embeddable":true,"href":"https:\/\/streetmarkets.fr\/app\/wp-json\/wp\/v2\/product_cat?post=1770776"},{"taxonomy":"product_tag","embeddable":true,"href":"https:\/\/streetmarkets.fr\/app\/wp-json\/wp\/v2\/product_tag?post=1770776"}],"curies":[{"name":"wp","href":"https:\/\/api.w.org\/{rel}","templated":true}]}}