{"id":1766249,"date":"2025-04-24T01:55:01","date_gmt":"2025-04-23T23:55:01","guid":{"rendered":"https:\/\/streetmarkets.fr\/app\/produit\/robe-courte-manches-longues-lina-s25-femme-midnight-bouque\/"},"modified":"2025-10-02T01:59:57","modified_gmt":"2025-10-01T23:59:57","slug":"robe-courte-manches-longues-lina-s25-femme-midnight-bouque","status":"publish","type":"product","link":"https:\/\/streetmarkets.fr\/app\/produit\/robe-courte-manches-longues-lina-s25-femme-midnight-bouque\/","title":{"rendered":"Robe Courte Manches Longues Lina (S25 \/ FEMME \/ Midnight Bouque)"},"content":{"rendered":"<p>Orn\u00e9e d\u2019un imprim\u00e9 fleuri, cette robe courte apporte une touche de fra\u00eecheur \u00e0 votre vestiaire de saison. Smock\u00e9e \u00e0 la taille, elle affiche un d\u00e9collet\u00e9 en V et des manches longues transparentes. Compl\u00e9tez votre look avec une paire de sneakers ou d\u2019escarpins.<\/p>\n<p>&#8211; Robe courte Femme<br \/>\n<br \/>&#8211; Imprim\u00e9 fleuri<br \/>\n<br \/>&#8211; D\u00e9collet\u00e9 en V<br \/>\n<br \/>&#8211; Manches longues transparentes<br \/>\n<br \/>&#8211; Taille smock\u00e9e<br \/>\n<br \/>&#8211; Coupe slim<\/p>\n","protected":false},"excerpt":{"rendered":"<p>Orn\u00e9e d\u2019un imprim\u00e9 fleuri, cette robe courte apporte une touche de fra\u00eecheur \u00e0 votre vestiaire de saison. Smock\u00e9e \u00e0 la taille, elle affiche un d\u00e9collet\u00e9 en V et des manches longues transparentes. Compl\u00e9tez votre look avec une paire de sneakers ou d\u2019escarpins. &#8211; Robe courte Femme &#8211; Imprim\u00e9 fleuri &#8211; D\u00e9collet\u00e9 en V &#8211; Manches [&hellip;]<\/p>\n","protected":false},"featured_media":1766250,"comment_status":"open","ping_status":"closed","template":"","meta":[],"product_brand":[6868],"product_cat":[1756,1762],"product_tag":[2244],"acf":[],"_links":{"self":[{"href":"https:\/\/streetmarkets.fr\/app\/wp-json\/wp\/v2\/product\/1766249"}],"collection":[{"href":"https:\/\/streetmarkets.fr\/app\/wp-json\/wp\/v2\/product"}],"about":[{"href":"https:\/\/streetmarkets.fr\/app\/wp-json\/wp\/v2\/types\/product"}],"replies":[{"embeddable":true,"href":"https:\/\/streetmarkets.fr\/app\/wp-json\/wp\/v2\/comments?post=1766249"}],"wp:featuredmedia":[{"embeddable":true,"href":"https:\/\/streetmarkets.fr\/app\/wp-json\/wp\/v2\/media\/1766250"}],"wp:attachment":[{"href":"https:\/\/streetmarkets.fr\/app\/wp-json\/wp\/v2\/media?parent=1766249"}],"wp:term":[{"taxonomy":"product_brand","embeddable":true,"href":"https:\/\/streetmarkets.fr\/app\/wp-json\/wp\/v2\/product_brand?post=1766249"},{"taxonomy":"product_cat","embeddable":true,"href":"https:\/\/streetmarkets.fr\/app\/wp-json\/wp\/v2\/product_cat?post=1766249"},{"taxonomy":"product_tag","embeddable":true,"href":"https:\/\/streetmarkets.fr\/app\/wp-json\/wp\/v2\/product_tag?post=1766249"}],"curies":[{"name":"wp","href":"https:\/\/api.w.org\/{rel}","templated":true}]}}