{"id":1765802,"date":"2025-04-23T05:22:33","date_gmt":"2025-04-23T03:22:33","guid":{"rendered":"https:\/\/streetmarkets.fr\/app\/produit\/manteau-charlotte\/"},"modified":"2026-05-08T05:21:46","modified_gmt":"2026-05-08T03:21:46","slug":"manteau-charlotte","status":"publish","type":"product","link":"https:\/\/streetmarkets.fr\/app\/produit\/manteau-charlotte\/","title":{"rendered":"Manteau Charlotte"},"content":{"rendered":"<p>Manteau en toile de coton imprim\u00e9e (plut\u00f4t \u00e9paisse et souple) .<br \/>\nImprim\u00e9 tr\u00e8s fort aux airs de campagne anglaise aux couleurs pop.<br \/>\nFinitions des poches avec bords cotes.<br \/>\nEmmanchures plut\u00f4t larges: tr\u00e8s facile de porter un pull en dessous<br \/>\nManteau doubl\u00e9 de couleur bleu Klein.<\/p>\n<p>Prix: 326\u20ac<\/p>\n<p> -20%= 260\u20ac<\/p>\n","protected":false},"excerpt":{"rendered":"<p>Manteau en toile de coton imprim\u00e9e (plut\u00f4t \u00e9paisse et souple) . Imprim\u00e9 tr\u00e8s fort aux airs de campagne anglaise aux couleurs pop. Finitions des poches avec bords cotes. Emmanchures plut\u00f4t larges: tr\u00e8s facile de porter un pull en dessous Manteau doubl\u00e9 de couleur bleu Klein. Prix: 326\u20ac -20%= 260\u20ac<\/p>\n","protected":false},"featured_media":1765803,"comment_status":"open","ping_status":"closed","template":"","meta":[],"product_brand":[1310],"product_cat":[1756,1762],"product_tag":[1813],"acf":[],"_links":{"self":[{"href":"https:\/\/streetmarkets.fr\/app\/wp-json\/wp\/v2\/product\/1765802"}],"collection":[{"href":"https:\/\/streetmarkets.fr\/app\/wp-json\/wp\/v2\/product"}],"about":[{"href":"https:\/\/streetmarkets.fr\/app\/wp-json\/wp\/v2\/types\/product"}],"replies":[{"embeddable":true,"href":"https:\/\/streetmarkets.fr\/app\/wp-json\/wp\/v2\/comments?post=1765802"}],"wp:featuredmedia":[{"embeddable":true,"href":"https:\/\/streetmarkets.fr\/app\/wp-json\/wp\/v2\/media\/1765803"}],"wp:attachment":[{"href":"https:\/\/streetmarkets.fr\/app\/wp-json\/wp\/v2\/media?parent=1765802"}],"wp:term":[{"taxonomy":"product_brand","embeddable":true,"href":"https:\/\/streetmarkets.fr\/app\/wp-json\/wp\/v2\/product_brand?post=1765802"},{"taxonomy":"product_cat","embeddable":true,"href":"https:\/\/streetmarkets.fr\/app\/wp-json\/wp\/v2\/product_cat?post=1765802"},{"taxonomy":"product_tag","embeddable":true,"href":"https:\/\/streetmarkets.fr\/app\/wp-json\/wp\/v2\/product_tag?post=1765802"}],"curies":[{"name":"wp","href":"https:\/\/api.w.org\/{rel}","templated":true}]}}