{"id":1750149,"date":"2025-04-20T08:42:35","date_gmt":"2025-04-20T06:42:35","guid":{"rendered":"https:\/\/streetmarkets.fr\/app\/produit\/sac-garance-naturel-sovani\/"},"modified":"2026-05-17T08:38:19","modified_gmt":"2026-05-17T06:38:19","slug":"sac-garance-naturel-sovani","status":"publish","type":"product","link":"https:\/\/streetmarkets.fr\/app\/produit\/sac-garance-naturel-sovani\/","title":{"rendered":"Sac Garance naturel &#8211; Sovani"},"content":{"rendered":"<p><span>&#8211; Sac cabas en raphia fabriqu\u00e9 \u00e0 la main, il est dot\u00e9 de anses en cuir marron fonc\u00e9 permettant de le porter \u00e0 l&#8217;\u00e9paule.\u00a0<\/span><\/p>\n<p><span>&#8211; Poche int\u00e9rieure<\/span><\/p>\n<p><span>&#8211; 100% naturel et fabriqu\u00e9 \u00e0 Madagascar<\/span><\/p>\n<p>\u00a0<\/p>\n<p>\u00a0<\/p>\n","protected":false},"excerpt":{"rendered":"<p>&#8211; Sac cabas en raphia fabriqu\u00e9 \u00e0 la main, il est dot\u00e9 de anses en cuir marron fonc\u00e9 permettant de le porter \u00e0 l&#8217;\u00e9paule.\u00a0 &#8211; Poche int\u00e9rieure &#8211; 100% naturel et fabriqu\u00e9 \u00e0 Madagascar \u00a0 \u00a0<\/p>\n","protected":false},"featured_media":1750150,"comment_status":"open","ping_status":"closed","template":"","meta":[],"product_brand":[],"product_cat":[1756,1764],"product_tag":[2244],"acf":[],"_links":{"self":[{"href":"https:\/\/streetmarkets.fr\/app\/wp-json\/wp\/v2\/product\/1750149"}],"collection":[{"href":"https:\/\/streetmarkets.fr\/app\/wp-json\/wp\/v2\/product"}],"about":[{"href":"https:\/\/streetmarkets.fr\/app\/wp-json\/wp\/v2\/types\/product"}],"replies":[{"embeddable":true,"href":"https:\/\/streetmarkets.fr\/app\/wp-json\/wp\/v2\/comments?post=1750149"}],"wp:featuredmedia":[{"embeddable":true,"href":"https:\/\/streetmarkets.fr\/app\/wp-json\/wp\/v2\/media\/1750150"}],"wp:attachment":[{"href":"https:\/\/streetmarkets.fr\/app\/wp-json\/wp\/v2\/media?parent=1750149"}],"wp:term":[{"taxonomy":"product_brand","embeddable":true,"href":"https:\/\/streetmarkets.fr\/app\/wp-json\/wp\/v2\/product_brand?post=1750149"},{"taxonomy":"product_cat","embeddable":true,"href":"https:\/\/streetmarkets.fr\/app\/wp-json\/wp\/v2\/product_cat?post=1750149"},{"taxonomy":"product_tag","embeddable":true,"href":"https:\/\/streetmarkets.fr\/app\/wp-json\/wp\/v2\/product_tag?post=1750149"}],"curies":[{"name":"wp","href":"https:\/\/api.w.org\/{rel}","templated":true}]}}