{"id":1750142,"date":"2025-04-20T08:42:34","date_gmt":"2025-04-20T06:42:34","guid":{"rendered":"https:\/\/streetmarkets.fr\/app\/produit\/chemise-carreaux-jaune-selection-joee\/"},"modified":"2026-05-03T08:38:21","modified_gmt":"2026-05-03T06:38:21","slug":"chemise-carreaux-jaune-selection-joee","status":"publish","type":"product","link":"https:\/\/streetmarkets.fr\/app\/produit\/chemise-carreaux-jaune-selection-joee\/","title":{"rendered":"Chemise Carreaux Jaune &#8211; S\u00e9lection Jo\u00e9e"},"content":{"rendered":"<p>Chemise \u00e0 carreaux de couleur jaune et gris.\u00a0<\/p>\n<p>Col mao avec boutons noirs.\u00a0<br \/><span style=\"font-family: -apple-system, BlinkMacSystemFont, 'San Francisco', 'Segoe UI', Roboto, 'Helvetica Neue', sans-serif;font-size: 0.875rem\"><\/span><\/p>\n<p><span style=\"font-family: -apple-system, BlinkMacSystemFont, 'San Francisco', 'Segoe UI', Roboto, 'Helvetica Neue', sans-serif;font-size: 0.875rem\">Les collections Jo\u00e9e sont r\u00e9alis\u00e9es en s\u00e9ries limit\u00e9es en atelier en europe.\u00a0<\/span><\/p>\n<p><\/p>\n","protected":false},"excerpt":{"rendered":"<p>Chemise \u00e0 carreaux de couleur jaune et gris.\u00a0 Col mao avec boutons noirs.\u00a0 Les collections Jo\u00e9e sont r\u00e9alis\u00e9es en s\u00e9ries limit\u00e9es en atelier en europe.\u00a0<\/p>\n","protected":false},"featured_media":1750143,"comment_status":"open","ping_status":"closed","template":"","meta":[],"product_brand":[],"product_cat":[1756,1762],"product_tag":[2244],"acf":[],"_links":{"self":[{"href":"https:\/\/streetmarkets.fr\/app\/wp-json\/wp\/v2\/product\/1750142"}],"collection":[{"href":"https:\/\/streetmarkets.fr\/app\/wp-json\/wp\/v2\/product"}],"about":[{"href":"https:\/\/streetmarkets.fr\/app\/wp-json\/wp\/v2\/types\/product"}],"replies":[{"embeddable":true,"href":"https:\/\/streetmarkets.fr\/app\/wp-json\/wp\/v2\/comments?post=1750142"}],"wp:featuredmedia":[{"embeddable":true,"href":"https:\/\/streetmarkets.fr\/app\/wp-json\/wp\/v2\/media\/1750143"}],"wp:attachment":[{"href":"https:\/\/streetmarkets.fr\/app\/wp-json\/wp\/v2\/media?parent=1750142"}],"wp:term":[{"taxonomy":"product_brand","embeddable":true,"href":"https:\/\/streetmarkets.fr\/app\/wp-json\/wp\/v2\/product_brand?post=1750142"},{"taxonomy":"product_cat","embeddable":true,"href":"https:\/\/streetmarkets.fr\/app\/wp-json\/wp\/v2\/product_cat?post=1750142"},{"taxonomy":"product_tag","embeddable":true,"href":"https:\/\/streetmarkets.fr\/app\/wp-json\/wp\/v2\/product_tag?post=1750142"}],"curies":[{"name":"wp","href":"https:\/\/api.w.org\/{rel}","templated":true}]}}