{"id":1740513,"date":"2025-04-19T02:08:18","date_gmt":"2025-04-19T00:08:18","guid":{"rendered":"https:\/\/streetmarkets.fr\/app\/produit\/nouveau-mother-jean-the-smarty-pants-skimp-perfect-drug\/"},"modified":"2026-04-01T02:03:33","modified_gmt":"2026-04-01T00:03:33","slug":"nouveau-mother-jean-the-smarty-pants-skimp-perfect-drug","status":"publish","type":"product","link":"https:\/\/streetmarkets.fr\/app\/produit\/nouveau-mother-jean-the-smarty-pants-skimp-perfect-drug\/","title":{"rendered":"MOTHER Jean The Smarty Pants Skimp Perfect Drug"},"content":{"rendered":"<p data-rte-preserve-empty=\"true\">Le jean The Smarty Pants Skimp dans le wash Perfect Drug, jean taille basse, coupe droite et souple, toile en coton Mother Superior, la coupe 90s que l\u2019on veut.<\/p>\n<p data-rte-preserve-empty=\"true\">Ce mod\u00e8le taille petit, nous vous conseillons de prendre une taille de plus que votre taille habituelle.<\/p>\n<p data-rte-preserve-empty=\"true\">D\u00e9tail : 98% coton, 2% \u00e9lasthanne<\/p>\n<p data-rte-preserve-empty=\"true\">Fabriqu\u00e9 \u00e0 Los Angeles<\/p>\n","protected":false},"excerpt":{"rendered":"<p>Le jean The Smarty Pants Skimp dans le wash Perfect Drug, jean taille basse, coupe droite et souple, toile en coton Mother Superior, la coupe 90s que l\u2019on veut. Ce mod\u00e8le taille petit, nous vous conseillons de prendre une taille de plus que votre taille habituelle. D\u00e9tail : 98% coton, 2% \u00e9lasthanne Fabriqu\u00e9 \u00e0 Los [&hellip;]<\/p>\n","protected":false},"featured_media":1740514,"comment_status":"open","ping_status":"closed","template":"","meta":[],"product_brand":[],"product_cat":[1756,1762],"product_tag":[2244],"acf":[],"_links":{"self":[{"href":"https:\/\/streetmarkets.fr\/app\/wp-json\/wp\/v2\/product\/1740513"}],"collection":[{"href":"https:\/\/streetmarkets.fr\/app\/wp-json\/wp\/v2\/product"}],"about":[{"href":"https:\/\/streetmarkets.fr\/app\/wp-json\/wp\/v2\/types\/product"}],"replies":[{"embeddable":true,"href":"https:\/\/streetmarkets.fr\/app\/wp-json\/wp\/v2\/comments?post=1740513"}],"wp:featuredmedia":[{"embeddable":true,"href":"https:\/\/streetmarkets.fr\/app\/wp-json\/wp\/v2\/media\/1740514"}],"wp:attachment":[{"href":"https:\/\/streetmarkets.fr\/app\/wp-json\/wp\/v2\/media?parent=1740513"}],"wp:term":[{"taxonomy":"product_brand","embeddable":true,"href":"https:\/\/streetmarkets.fr\/app\/wp-json\/wp\/v2\/product_brand?post=1740513"},{"taxonomy":"product_cat","embeddable":true,"href":"https:\/\/streetmarkets.fr\/app\/wp-json\/wp\/v2\/product_cat?post=1740513"},{"taxonomy":"product_tag","embeddable":true,"href":"https:\/\/streetmarkets.fr\/app\/wp-json\/wp\/v2\/product_tag?post=1740513"}],"curies":[{"name":"wp","href":"https:\/\/api.w.org\/{rel}","templated":true}]}}