{"id":1740386,"date":"2025-04-19T01:54:41","date_gmt":"2025-04-18T23:54:41","guid":{"rendered":"https:\/\/streetmarkets.fr\/app\/produit\/sweatshirt-col-rond-s25-femme-gris-chine-clair\/"},"modified":"2025-10-02T02:00:27","modified_gmt":"2025-10-02T00:00:27","slug":"sweatshirt-col-rond-s25-femme-gris-chine-clair","status":"publish","type":"product","link":"https:\/\/streetmarkets.fr\/app\/produit\/sweatshirt-col-rond-s25-femme-gris-chine-clair\/","title":{"rendered":"Sweatshirt Col Rond (S25 \/ FEMME \/ Gris Chin\u00e9 Clair)"},"content":{"rendered":"<p>R\u00e9servation confirm\u00e9e ! Le From Future Hotel s\u2019invite sur ce sweatshirt, orn\u00e9 d\u2019une signature sur la poitrine et d\u2019un motif au dos. Confectionn\u00e9 en coton, il est muni d\u2019un col rond, des manches courtes et des bords c\u00f4tel\u00e9s pour une allure d\u00e9contract\u00e9e.<\/p>\n<p>&#8211; Sweatshirt en coton Femme<br \/>\n<br \/>&#8211; Signature sur le poitrine<br \/>\n<br \/>&#8211; Motif &#8220;From Future Hotel&#8221; au dos<br \/>\n<br \/>&#8211; Col rond<br \/>\n<br \/>&#8211; Manches courtes<br \/>\n<br \/>&#8211; Bords c\u00f4tel\u00e9s<br \/>\n<br \/>&#8211; Coupe regular<\/p>\n","protected":false},"excerpt":{"rendered":"<p>R\u00e9servation confirm\u00e9e ! Le From Future Hotel s\u2019invite sur ce sweatshirt, orn\u00e9 d\u2019une signature sur la poitrine et d\u2019un motif au dos. Confectionn\u00e9 en coton, il est muni d\u2019un col rond, des manches courtes et des bords c\u00f4tel\u00e9s pour une allure d\u00e9contract\u00e9e. &#8211; Sweatshirt en coton Femme &#8211; Signature sur le poitrine &#8211; Motif &#8220;From [&hellip;]<\/p>\n","protected":false},"featured_media":1740387,"comment_status":"open","ping_status":"closed","template":"","meta":[],"product_brand":[6868],"product_cat":[1756,1762],"product_tag":[2244],"acf":[],"_links":{"self":[{"href":"https:\/\/streetmarkets.fr\/app\/wp-json\/wp\/v2\/product\/1740386"}],"collection":[{"href":"https:\/\/streetmarkets.fr\/app\/wp-json\/wp\/v2\/product"}],"about":[{"href":"https:\/\/streetmarkets.fr\/app\/wp-json\/wp\/v2\/types\/product"}],"replies":[{"embeddable":true,"href":"https:\/\/streetmarkets.fr\/app\/wp-json\/wp\/v2\/comments?post=1740386"}],"wp:featuredmedia":[{"embeddable":true,"href":"https:\/\/streetmarkets.fr\/app\/wp-json\/wp\/v2\/media\/1740387"}],"wp:attachment":[{"href":"https:\/\/streetmarkets.fr\/app\/wp-json\/wp\/v2\/media?parent=1740386"}],"wp:term":[{"taxonomy":"product_brand","embeddable":true,"href":"https:\/\/streetmarkets.fr\/app\/wp-json\/wp\/v2\/product_brand?post=1740386"},{"taxonomy":"product_cat","embeddable":true,"href":"https:\/\/streetmarkets.fr\/app\/wp-json\/wp\/v2\/product_cat?post=1740386"},{"taxonomy":"product_tag","embeddable":true,"href":"https:\/\/streetmarkets.fr\/app\/wp-json\/wp\/v2\/product_tag?post=1740386"}],"curies":[{"name":"wp","href":"https:\/\/api.w.org\/{rel}","templated":true}]}}