{"id":1740379,"date":"2025-04-19T01:54:20","date_gmt":"2025-04-18T23:54:20","guid":{"rendered":"https:\/\/streetmarkets.fr\/app\/produit\/top-bretelles-lurex-s25-femme-shiny-pink\/"},"modified":"2025-08-18T01:54:09","modified_gmt":"2025-08-17T23:54:09","slug":"top-bretelles-lurex-s25-femme-shiny-pink","status":"publish","type":"product","link":"https:\/\/streetmarkets.fr\/app\/produit\/top-bretelles-lurex-s25-femme-shiny-pink\/","title":{"rendered":"Top Bretelles Lurex (S25 \/ FEMME \/ Shiny Pink)"},"content":{"rendered":"<p>&#8211; Top effet pliss\u00e9 en lurex 2 fils Femme<br \/>\n<br \/>&#8211; D\u00e9collet\u00e9 en V<br \/>\n<br \/>&#8211; Bretelles fines<br \/>\n<br \/>&#8211; Coupe slim<\/p>\n","protected":false},"excerpt":{"rendered":"<p>&#8211; Top effet pliss\u00e9 en lurex 2 fils Femme &#8211; D\u00e9collet\u00e9 en V &#8211; Bretelles fines &#8211; Coupe slim<\/p>\n","protected":false},"featured_media":1740380,"comment_status":"open","ping_status":"closed","template":"","meta":[],"product_brand":[6868],"product_cat":[1756,1762],"product_tag":[2244],"acf":[],"_links":{"self":[{"href":"https:\/\/streetmarkets.fr\/app\/wp-json\/wp\/v2\/product\/1740379"}],"collection":[{"href":"https:\/\/streetmarkets.fr\/app\/wp-json\/wp\/v2\/product"}],"about":[{"href":"https:\/\/streetmarkets.fr\/app\/wp-json\/wp\/v2\/types\/product"}],"replies":[{"embeddable":true,"href":"https:\/\/streetmarkets.fr\/app\/wp-json\/wp\/v2\/comments?post=1740379"}],"wp:featuredmedia":[{"embeddable":true,"href":"https:\/\/streetmarkets.fr\/app\/wp-json\/wp\/v2\/media\/1740380"}],"wp:attachment":[{"href":"https:\/\/streetmarkets.fr\/app\/wp-json\/wp\/v2\/media?parent=1740379"}],"wp:term":[{"taxonomy":"product_brand","embeddable":true,"href":"https:\/\/streetmarkets.fr\/app\/wp-json\/wp\/v2\/product_brand?post=1740379"},{"taxonomy":"product_cat","embeddable":true,"href":"https:\/\/streetmarkets.fr\/app\/wp-json\/wp\/v2\/product_cat?post=1740379"},{"taxonomy":"product_tag","embeddable":true,"href":"https:\/\/streetmarkets.fr\/app\/wp-json\/wp\/v2\/product_tag?post=1740379"}],"curies":[{"name":"wp","href":"https:\/\/api.w.org\/{rel}","templated":true}]}}