{"id":1740365,"date":"2025-04-19T01:54:18","date_gmt":"2025-04-18T23:54:18","guid":{"rendered":"https:\/\/streetmarkets.fr\/app\/produit\/robe-longue-bretelles-lurex-s25-femme-shiny-blue\/"},"modified":"2025-10-02T01:59:58","modified_gmt":"2025-10-01T23:59:58","slug":"robe-longue-bretelles-lurex-s25-femme-shiny-blue","status":"publish","type":"product","link":"https:\/\/streetmarkets.fr\/app\/produit\/robe-longue-bretelles-lurex-s25-femme-shiny-blue\/","title":{"rendered":"Robe Longue Bretelles Lurex (S25 \/ FEMME \/ Shiny Blue)"},"content":{"rendered":"<p>&#8211; Robe longue effet pliss\u00e9 en lurex 2 fils Femme<br \/>\n<br \/>&#8211; D\u00e9collet\u00e9 rond<br \/>\n<br \/>&#8211; Bretelles fines<br \/>\n<br \/>&#8211; Taille ajust\u00e9e<br \/>\n<br \/>&#8211; Bas \u00e9vas\u00e9<br \/>\n<br \/>&#8211; Coupe slim<\/p>\n","protected":false},"excerpt":{"rendered":"<p>&#8211; Robe longue effet pliss\u00e9 en lurex 2 fils Femme &#8211; D\u00e9collet\u00e9 rond &#8211; Bretelles fines &#8211; Taille ajust\u00e9e &#8211; Bas \u00e9vas\u00e9 &#8211; Coupe slim<\/p>\n","protected":false},"featured_media":1740366,"comment_status":"open","ping_status":"closed","template":"","meta":[],"product_brand":[6868],"product_cat":[1756,1762],"product_tag":[2244],"acf":[],"_links":{"self":[{"href":"https:\/\/streetmarkets.fr\/app\/wp-json\/wp\/v2\/product\/1740365"}],"collection":[{"href":"https:\/\/streetmarkets.fr\/app\/wp-json\/wp\/v2\/product"}],"about":[{"href":"https:\/\/streetmarkets.fr\/app\/wp-json\/wp\/v2\/types\/product"}],"replies":[{"embeddable":true,"href":"https:\/\/streetmarkets.fr\/app\/wp-json\/wp\/v2\/comments?post=1740365"}],"wp:featuredmedia":[{"embeddable":true,"href":"https:\/\/streetmarkets.fr\/app\/wp-json\/wp\/v2\/media\/1740366"}],"wp:attachment":[{"href":"https:\/\/streetmarkets.fr\/app\/wp-json\/wp\/v2\/media?parent=1740365"}],"wp:term":[{"taxonomy":"product_brand","embeddable":true,"href":"https:\/\/streetmarkets.fr\/app\/wp-json\/wp\/v2\/product_brand?post=1740365"},{"taxonomy":"product_cat","embeddable":true,"href":"https:\/\/streetmarkets.fr\/app\/wp-json\/wp\/v2\/product_cat?post=1740365"},{"taxonomy":"product_tag","embeddable":true,"href":"https:\/\/streetmarkets.fr\/app\/wp-json\/wp\/v2\/product_tag?post=1740365"}],"curies":[{"name":"wp","href":"https:\/\/api.w.org\/{rel}","templated":true}]}}