{"id":1740299,"date":"2025-04-19T01:54:08","date_gmt":"2025-04-18T23:54:08","guid":{"rendered":"https:\/\/streetmarkets.fr\/app\/produit\/robe-courte-manches-longues-bijoux-coeur-s25-femme-noir\/"},"modified":"2025-08-23T01:53:14","modified_gmt":"2025-08-22T23:53:14","slug":"robe-courte-manches-longues-bijoux-coeur-s25-femme-noir","status":"publish","type":"product","link":"https:\/\/streetmarkets.fr\/app\/produit\/robe-courte-manches-longues-bijoux-coeur-s25-femme-noir\/","title":{"rendered":"Robe Courte Manches Longues Bijoux C\u0153ur (S25 \/ FEMME \/ Noir)"},"content":{"rendered":"<p>&#8211; Robe courte Femme<br \/>\n<br \/>&#8211; D\u00e9collet\u00e9 en V avec un bijou c\u0153ur<br \/>\n<br \/>&#8211; Manches longues<br \/>\n<br \/>&#8211; Poignets \u00e9vas\u00e9s<br \/>\n<br \/>&#8211; Coupe slim<\/p>\n","protected":false},"excerpt":{"rendered":"<p>&#8211; Robe courte Femme &#8211; D\u00e9collet\u00e9 en V avec un bijou c\u0153ur &#8211; Manches longues &#8211; Poignets \u00e9vas\u00e9s &#8211; Coupe slim<\/p>\n","protected":false},"featured_media":1740300,"comment_status":"open","ping_status":"closed","template":"","meta":[],"product_brand":[6868],"product_cat":[1756,1762],"product_tag":[2244],"acf":[],"_links":{"self":[{"href":"https:\/\/streetmarkets.fr\/app\/wp-json\/wp\/v2\/product\/1740299"}],"collection":[{"href":"https:\/\/streetmarkets.fr\/app\/wp-json\/wp\/v2\/product"}],"about":[{"href":"https:\/\/streetmarkets.fr\/app\/wp-json\/wp\/v2\/types\/product"}],"replies":[{"embeddable":true,"href":"https:\/\/streetmarkets.fr\/app\/wp-json\/wp\/v2\/comments?post=1740299"}],"wp:featuredmedia":[{"embeddable":true,"href":"https:\/\/streetmarkets.fr\/app\/wp-json\/wp\/v2\/media\/1740300"}],"wp:attachment":[{"href":"https:\/\/streetmarkets.fr\/app\/wp-json\/wp\/v2\/media?parent=1740299"}],"wp:term":[{"taxonomy":"product_brand","embeddable":true,"href":"https:\/\/streetmarkets.fr\/app\/wp-json\/wp\/v2\/product_brand?post=1740299"},{"taxonomy":"product_cat","embeddable":true,"href":"https:\/\/streetmarkets.fr\/app\/wp-json\/wp\/v2\/product_cat?post=1740299"},{"taxonomy":"product_tag","embeddable":true,"href":"https:\/\/streetmarkets.fr\/app\/wp-json\/wp\/v2\/product_tag?post=1740299"}],"curies":[{"name":"wp","href":"https:\/\/api.w.org\/{rel}","templated":true}]}}