{"id":1739959,"date":"2025-04-18T08:42:46","date_gmt":"2025-04-18T06:42:46","guid":{"rendered":"https:\/\/streetmarkets.fr\/app\/produit\/sandales-n551-dore-craquele-rivecour\/"},"modified":"2026-05-08T08:38:14","modified_gmt":"2026-05-08T06:38:14","slug":"sandales-n551-dore-craquele-rivecour","status":"publish","type":"product","link":"https:\/\/streetmarkets.fr\/app\/produit\/sandales-n551-dore-craquele-rivecour\/","title":{"rendered":"Sandales n\u00b0551 dor\u00e9 craquel\u00e9 &#8211; Rivecour"},"content":{"rendered":"<p data-mce-fragment=\"1\">Vous avez envie d&#8217;une paire \u00e9l\u00e9gante pour une occasion ou tous les jours, ce mod\u00e8le sera parfait en terme de confort avec ses 5,5cm de talon, son\u00a0talon bloc, son \u00a0bout\u00a0en amande\u00a0et de larges brides enveloppent le pied avec style.<\/p>\n<p data-mce-fragment=\"1\">&#8211; Bride cheville ajustable<\/p>\n<p data-mce-fragment=\"1\">&#8211; Hauteur talon en cuir lamell\u00e9 : 5,5 cm<\/p>\n<p data-mce-fragment=\"1\">Composition<strong> : <\/strong>ext\u00e9rieur en cuir \/ semelle ext\u00e9rieure en cuir \/ doublure en cuir<\/p>\n<p>\u00a0Conseil taille : Entre deux pointures, prenez celle du dessus.\u00a0<\/p>\n<p data-mce-fragment=\"1\">Cr\u00e9ateur parisien, fabrication Portugal<\/p>\n","protected":false},"excerpt":{"rendered":"<p>Vous avez envie d&#8217;une paire \u00e9l\u00e9gante pour une occasion ou tous les jours, ce mod\u00e8le sera parfait en terme de confort avec ses 5,5cm de talon, son\u00a0talon bloc, son \u00a0bout\u00a0en amande\u00a0et de larges brides enveloppent le pied avec style. &#8211; Bride cheville ajustable &#8211; Hauteur talon en cuir lamell\u00e9 : 5,5 cm Composition : ext\u00e9rieur [&hellip;]<\/p>\n","protected":false},"featured_media":1739960,"comment_status":"open","ping_status":"closed","template":"","meta":[],"product_brand":[],"product_cat":[1756,1763],"product_tag":[2244],"acf":[],"_links":{"self":[{"href":"https:\/\/streetmarkets.fr\/app\/wp-json\/wp\/v2\/product\/1739959"}],"collection":[{"href":"https:\/\/streetmarkets.fr\/app\/wp-json\/wp\/v2\/product"}],"about":[{"href":"https:\/\/streetmarkets.fr\/app\/wp-json\/wp\/v2\/types\/product"}],"replies":[{"embeddable":true,"href":"https:\/\/streetmarkets.fr\/app\/wp-json\/wp\/v2\/comments?post=1739959"}],"wp:featuredmedia":[{"embeddable":true,"href":"https:\/\/streetmarkets.fr\/app\/wp-json\/wp\/v2\/media\/1739960"}],"wp:attachment":[{"href":"https:\/\/streetmarkets.fr\/app\/wp-json\/wp\/v2\/media?parent=1739959"}],"wp:term":[{"taxonomy":"product_brand","embeddable":true,"href":"https:\/\/streetmarkets.fr\/app\/wp-json\/wp\/v2\/product_brand?post=1739959"},{"taxonomy":"product_cat","embeddable":true,"href":"https:\/\/streetmarkets.fr\/app\/wp-json\/wp\/v2\/product_cat?post=1739959"},{"taxonomy":"product_tag","embeddable":true,"href":"https:\/\/streetmarkets.fr\/app\/wp-json\/wp\/v2\/product_tag?post=1739959"}],"curies":[{"name":"wp","href":"https:\/\/api.w.org\/{rel}","templated":true}]}}