{"id":1733197,"date":"2025-04-18T02:00:29","date_gmt":"2025-04-18T00:00:29","guid":{"rendered":"https:\/\/streetmarkets.fr\/app\/produit\/pantalon-droit-s25-femme-baby-blue\/"},"modified":"2025-10-02T02:00:27","modified_gmt":"2025-10-02T00:00:27","slug":"pantalon-droit-s25-femme-baby-blue","status":"publish","type":"product","link":"https:\/\/streetmarkets.fr\/app\/produit\/pantalon-droit-s25-femme-baby-blue\/","title":{"rendered":"Pantalon Droit (S25 \/ FEMME \/ Baby Blue)"},"content":{"rendered":"<p>&#8211; Pantalon long et droit en ac\u00e9tate satin\u00e9 Femme<br \/>\n<br \/>&#8211; Taille haute<br \/>\n<br \/>&#8211; 2 poches lat\u00e9rales<br \/>\n<br \/>&#8211; Coupe regular-flare \u00e9l\u00e9gante<\/p>\n","protected":false},"excerpt":{"rendered":"<p>&#8211; Pantalon long et droit en ac\u00e9tate satin\u00e9 Femme &#8211; Taille haute &#8211; 2 poches lat\u00e9rales &#8211; Coupe regular-flare \u00e9l\u00e9gante<\/p>\n","protected":false},"featured_media":1733198,"comment_status":"open","ping_status":"closed","template":"","meta":[],"product_brand":[6868],"product_cat":[1756,1762],"product_tag":[2244],"acf":[],"_links":{"self":[{"href":"https:\/\/streetmarkets.fr\/app\/wp-json\/wp\/v2\/product\/1733197"}],"collection":[{"href":"https:\/\/streetmarkets.fr\/app\/wp-json\/wp\/v2\/product"}],"about":[{"href":"https:\/\/streetmarkets.fr\/app\/wp-json\/wp\/v2\/types\/product"}],"replies":[{"embeddable":true,"href":"https:\/\/streetmarkets.fr\/app\/wp-json\/wp\/v2\/comments?post=1733197"}],"wp:featuredmedia":[{"embeddable":true,"href":"https:\/\/streetmarkets.fr\/app\/wp-json\/wp\/v2\/media\/1733198"}],"wp:attachment":[{"href":"https:\/\/streetmarkets.fr\/app\/wp-json\/wp\/v2\/media?parent=1733197"}],"wp:term":[{"taxonomy":"product_brand","embeddable":true,"href":"https:\/\/streetmarkets.fr\/app\/wp-json\/wp\/v2\/product_brand?post=1733197"},{"taxonomy":"product_cat","embeddable":true,"href":"https:\/\/streetmarkets.fr\/app\/wp-json\/wp\/v2\/product_cat?post=1733197"},{"taxonomy":"product_tag","embeddable":true,"href":"https:\/\/streetmarkets.fr\/app\/wp-json\/wp\/v2\/product_tag?post=1733197"}],"curies":[{"name":"wp","href":"https:\/\/api.w.org\/{rel}","templated":true}]}}