{"id":1726764,"date":"2025-04-17T02:15:02","date_gmt":"2025-04-17T00:15:02","guid":{"rendered":"https:\/\/streetmarkets.fr\/app\/produit\/top-bretelles-levana-s25-femme-champagne\/"},"modified":"2025-10-02T01:59:57","modified_gmt":"2025-10-01T23:59:57","slug":"top-bretelles-levana-s25-femme-champagne","status":"publish","type":"product","link":"https:\/\/streetmarkets.fr\/app\/produit\/top-bretelles-levana-s25-femme-champagne\/","title":{"rendered":"Top Bretelles Levana (S25 \/ FEMME \/ Champagne)"},"content":{"rendered":"<p>Ce top en satin de soie se pare de bords en dentelle. Ajust\u00e9 et structur\u00e9, il d\u00e9voile des bretelles fines et un d\u00e9collet\u00e9 en V. Associez-le \u00e0 la jupe assortie pour un ensemble sophistiqu\u00e9.<\/p>\n<p>&#8211; Top court en satin de soie Femme<br \/>\n<br \/>&#8211; D\u00e9collet\u00e9 en V<br \/>\n<br \/>&#8211; Bords en dentelle contrast\u00e9e<br \/>\n<br \/>&#8211; Bretelles fines<br \/>\n<br \/>&#8211; Coupe slim<\/p>\n","protected":false},"excerpt":{"rendered":"<p>Ce top en satin de soie se pare de bords en dentelle. Ajust\u00e9 et structur\u00e9, il d\u00e9voile des bretelles fines et un d\u00e9collet\u00e9 en V. Associez-le \u00e0 la jupe assortie pour un ensemble sophistiqu\u00e9. &#8211; Top court en satin de soie Femme &#8211; D\u00e9collet\u00e9 en V &#8211; Bords en dentelle contrast\u00e9e &#8211; Bretelles fines &#8211; [&hellip;]<\/p>\n","protected":false},"featured_media":1726765,"comment_status":"open","ping_status":"closed","template":"","meta":[],"product_brand":[6868],"product_cat":[1756,1762],"product_tag":[2244],"acf":[],"_links":{"self":[{"href":"https:\/\/streetmarkets.fr\/app\/wp-json\/wp\/v2\/product\/1726764"}],"collection":[{"href":"https:\/\/streetmarkets.fr\/app\/wp-json\/wp\/v2\/product"}],"about":[{"href":"https:\/\/streetmarkets.fr\/app\/wp-json\/wp\/v2\/types\/product"}],"replies":[{"embeddable":true,"href":"https:\/\/streetmarkets.fr\/app\/wp-json\/wp\/v2\/comments?post=1726764"}],"wp:featuredmedia":[{"embeddable":true,"href":"https:\/\/streetmarkets.fr\/app\/wp-json\/wp\/v2\/media\/1726765"}],"wp:attachment":[{"href":"https:\/\/streetmarkets.fr\/app\/wp-json\/wp\/v2\/media?parent=1726764"}],"wp:term":[{"taxonomy":"product_brand","embeddable":true,"href":"https:\/\/streetmarkets.fr\/app\/wp-json\/wp\/v2\/product_brand?post=1726764"},{"taxonomy":"product_cat","embeddable":true,"href":"https:\/\/streetmarkets.fr\/app\/wp-json\/wp\/v2\/product_cat?post=1726764"},{"taxonomy":"product_tag","embeddable":true,"href":"https:\/\/streetmarkets.fr\/app\/wp-json\/wp\/v2\/product_tag?post=1726764"}],"curies":[{"name":"wp","href":"https:\/\/api.w.org\/{rel}","templated":true}]}}