{"id":1726719,"date":"2025-04-17T02:14:56","date_gmt":"2025-04-17T00:14:56","guid":{"rendered":"https:\/\/streetmarkets.fr\/app\/produit\/robe-longue-bretelles-giada-s25-femme-midnight-bouque\/"},"modified":"2025-10-02T01:59:56","modified_gmt":"2025-10-01T23:59:56","slug":"robe-longue-bretelles-giada-s25-femme-midnight-bouque","status":"publish","type":"product","link":"https:\/\/streetmarkets.fr\/app\/produit\/robe-longue-bretelles-giada-s25-femme-midnight-bouque\/","title":{"rendered":"Robe Longue Bretelles Giada (S25 \/ FEMME \/ Midnight Bouque)"},"content":{"rendered":"<p>Orn\u00e9e d\u2019un imprim\u00e9 fleuri, cette robe longue flatte la silhouette avec une coupe ajust\u00e9e. Munie de bretelles fines ajustables, elle d\u00e9voile un d\u00e9collet\u00e9 en V, orn\u00e9 d\u2019une d\u00e9coupe, et une jupe \u00e9vas\u00e9e.<\/p>\n<p>&#8211; Robe longue Femme<br \/>\n<br \/>&#8211; Imprim\u00e9 fleuri<br \/>\n<br \/>&#8211; Bretelles fines ajustables<br \/>\n<br \/>&#8211; D\u00e9collet\u00e9 en V<br \/>\n<br \/>&#8211; D\u00e9coupe<br \/>\n<br \/>&#8211; Jupe \u00e9vas\u00e9e<br \/>\n<br \/>&#8211; Coupe slim<\/p>\n","protected":false},"excerpt":{"rendered":"<p>Orn\u00e9e d\u2019un imprim\u00e9 fleuri, cette robe longue flatte la silhouette avec une coupe ajust\u00e9e. Munie de bretelles fines ajustables, elle d\u00e9voile un d\u00e9collet\u00e9 en V, orn\u00e9 d\u2019une d\u00e9coupe, et une jupe \u00e9vas\u00e9e. &#8211; Robe longue Femme &#8211; Imprim\u00e9 fleuri &#8211; Bretelles fines ajustables &#8211; D\u00e9collet\u00e9 en V &#8211; D\u00e9coupe &#8211; Jupe \u00e9vas\u00e9e &#8211; Coupe slim<\/p>\n","protected":false},"featured_media":1726720,"comment_status":"open","ping_status":"closed","template":"","meta":[],"product_brand":[6868],"product_cat":[1756,1762],"product_tag":[2244],"acf":[],"_links":{"self":[{"href":"https:\/\/streetmarkets.fr\/app\/wp-json\/wp\/v2\/product\/1726719"}],"collection":[{"href":"https:\/\/streetmarkets.fr\/app\/wp-json\/wp\/v2\/product"}],"about":[{"href":"https:\/\/streetmarkets.fr\/app\/wp-json\/wp\/v2\/types\/product"}],"replies":[{"embeddable":true,"href":"https:\/\/streetmarkets.fr\/app\/wp-json\/wp\/v2\/comments?post=1726719"}],"wp:featuredmedia":[{"embeddable":true,"href":"https:\/\/streetmarkets.fr\/app\/wp-json\/wp\/v2\/media\/1726720"}],"wp:attachment":[{"href":"https:\/\/streetmarkets.fr\/app\/wp-json\/wp\/v2\/media?parent=1726719"}],"wp:term":[{"taxonomy":"product_brand","embeddable":true,"href":"https:\/\/streetmarkets.fr\/app\/wp-json\/wp\/v2\/product_brand?post=1726719"},{"taxonomy":"product_cat","embeddable":true,"href":"https:\/\/streetmarkets.fr\/app\/wp-json\/wp\/v2\/product_cat?post=1726719"},{"taxonomy":"product_tag","embeddable":true,"href":"https:\/\/streetmarkets.fr\/app\/wp-json\/wp\/v2\/product_tag?post=1726719"}],"curies":[{"name":"wp","href":"https:\/\/api.w.org\/{rel}","templated":true}]}}