{"id":1726706,"date":"2025-04-17T02:14:56","date_gmt":"2025-04-17T00:14:56","guid":{"rendered":"https:\/\/streetmarkets.fr\/app\/produit\/robe-longue-bretelles-gabrielle-s25-femme-noir\/"},"modified":"2025-07-26T01:53:01","modified_gmt":"2025-07-25T23:53:01","slug":"robe-longue-bretelles-gabrielle-s25-femme-noir","status":"publish","type":"product","link":"https:\/\/streetmarkets.fr\/app\/produit\/robe-longue-bretelles-gabrielle-s25-femme-noir\/","title":{"rendered":"Robe Longue Bretelles Gabrielle (S25 \/ FEMME \/ Noir)"},"content":{"rendered":"<p>Confectionn\u00e9e en satin de soie, cette robe longue se pare de bandes de dentelle le long de la silhouette, d\u00e9voilant subtilement la peau. Dot\u00e9e de bretelles fines ajustables, elle d\u00e9voile un d\u00e9collet\u00e9 arrondi et un tomb\u00e9 fluide.<\/p>\n<p>&#8211; Robe longue en satin de soie Femme<br \/>\n<br \/>&#8211; Bandes de dentelle<br \/>\n<br \/>&#8211; D\u00e9collet\u00e9 arrondi<br \/>\n<br \/>&#8211; Bretelles fines ajustables<br \/>\n<br \/>&#8211; Jupe \u00e9vas\u00e9e<br \/>\n<br \/>&#8211; Coupe slim<\/p>\n","protected":false},"excerpt":{"rendered":"<p>Confectionn\u00e9e en satin de soie, cette robe longue se pare de bandes de dentelle le long de la silhouette, d\u00e9voilant subtilement la peau. Dot\u00e9e de bretelles fines ajustables, elle d\u00e9voile un d\u00e9collet\u00e9 arrondi et un tomb\u00e9 fluide. &#8211; Robe longue en satin de soie Femme &#8211; Bandes de dentelle &#8211; D\u00e9collet\u00e9 arrondi &#8211; Bretelles fines [&hellip;]<\/p>\n","protected":false},"featured_media":1726707,"comment_status":"open","ping_status":"closed","template":"","meta":[],"product_brand":[6868],"product_cat":[1756,1762],"product_tag":[2244],"acf":[],"_links":{"self":[{"href":"https:\/\/streetmarkets.fr\/app\/wp-json\/wp\/v2\/product\/1726706"}],"collection":[{"href":"https:\/\/streetmarkets.fr\/app\/wp-json\/wp\/v2\/product"}],"about":[{"href":"https:\/\/streetmarkets.fr\/app\/wp-json\/wp\/v2\/types\/product"}],"replies":[{"embeddable":true,"href":"https:\/\/streetmarkets.fr\/app\/wp-json\/wp\/v2\/comments?post=1726706"}],"wp:featuredmedia":[{"embeddable":true,"href":"https:\/\/streetmarkets.fr\/app\/wp-json\/wp\/v2\/media\/1726707"}],"wp:attachment":[{"href":"https:\/\/streetmarkets.fr\/app\/wp-json\/wp\/v2\/media?parent=1726706"}],"wp:term":[{"taxonomy":"product_brand","embeddable":true,"href":"https:\/\/streetmarkets.fr\/app\/wp-json\/wp\/v2\/product_brand?post=1726706"},{"taxonomy":"product_cat","embeddable":true,"href":"https:\/\/streetmarkets.fr\/app\/wp-json\/wp\/v2\/product_cat?post=1726706"},{"taxonomy":"product_tag","embeddable":true,"href":"https:\/\/streetmarkets.fr\/app\/wp-json\/wp\/v2\/product_tag?post=1726706"}],"curies":[{"name":"wp","href":"https:\/\/api.w.org\/{rel}","templated":true}]}}