{"id":1726696,"date":"2025-04-17T02:14:54","date_gmt":"2025-04-17T00:14:54","guid":{"rendered":"https:\/\/streetmarkets.fr\/app\/produit\/robe-longue-bretelless-giorgia-s25-femme-scarlet-bloom\/"},"modified":"2025-07-27T01:52:41","modified_gmt":"2025-07-26T23:52:41","slug":"robe-longue-bretelless-giorgia-s25-femme-scarlet-bloom","status":"publish","type":"product","link":"https:\/\/streetmarkets.fr\/app\/produit\/robe-longue-bretelless-giorgia-s25-femme-scarlet-bloom\/","title":{"rendered":"Robe Longue Bretelles Giorgia (S25 \/ FEMME \/ Scarlet Bloom)"},"content":{"rendered":"<p>Orn\u00e9e d\u2019un imprim\u00e9 fleuri, cette robe longue s\u00e9duit par son dos nu audacieux et sa jupe d\u00e9licatement fendue. Confectionn\u00e9e en satin de soie brillant, elle d\u00e9voile une encolure carr\u00e9e et des bretelles fines.<\/p>\n<p>&#8211; Robe longue en satin de soie Femme<br \/>\n<br \/>&#8211; Imprim\u00e9 fleuri<br \/>\n<br \/>&#8211; Encolure carr\u00e9e<br \/>\n<br \/>&#8211; Bretelles fines<br \/>\n<br \/>&#8211; Dos nu<br \/>\n<br \/>&#8211; Jupe fendue<br \/>\n<br \/>&#8211; Coupe slim<\/p>\n","protected":false},"excerpt":{"rendered":"<p>Orn\u00e9e d\u2019un imprim\u00e9 fleuri, cette robe longue s\u00e9duit par son dos nu audacieux et sa jupe d\u00e9licatement fendue. Confectionn\u00e9e en satin de soie brillant, elle d\u00e9voile une encolure carr\u00e9e et des bretelles fines. &#8211; Robe longue en satin de soie Femme &#8211; Imprim\u00e9 fleuri &#8211; Encolure carr\u00e9e &#8211; Bretelles fines &#8211; Dos nu &#8211; Jupe [&hellip;]<\/p>\n","protected":false},"featured_media":1726697,"comment_status":"open","ping_status":"closed","template":"","meta":[],"product_brand":[6868],"product_cat":[1756,1762],"product_tag":[2244],"acf":[],"_links":{"self":[{"href":"https:\/\/streetmarkets.fr\/app\/wp-json\/wp\/v2\/product\/1726696"}],"collection":[{"href":"https:\/\/streetmarkets.fr\/app\/wp-json\/wp\/v2\/product"}],"about":[{"href":"https:\/\/streetmarkets.fr\/app\/wp-json\/wp\/v2\/types\/product"}],"replies":[{"embeddable":true,"href":"https:\/\/streetmarkets.fr\/app\/wp-json\/wp\/v2\/comments?post=1726696"}],"wp:featuredmedia":[{"embeddable":true,"href":"https:\/\/streetmarkets.fr\/app\/wp-json\/wp\/v2\/media\/1726697"}],"wp:attachment":[{"href":"https:\/\/streetmarkets.fr\/app\/wp-json\/wp\/v2\/media?parent=1726696"}],"wp:term":[{"taxonomy":"product_brand","embeddable":true,"href":"https:\/\/streetmarkets.fr\/app\/wp-json\/wp\/v2\/product_brand?post=1726696"},{"taxonomy":"product_cat","embeddable":true,"href":"https:\/\/streetmarkets.fr\/app\/wp-json\/wp\/v2\/product_cat?post=1726696"},{"taxonomy":"product_tag","embeddable":true,"href":"https:\/\/streetmarkets.fr\/app\/wp-json\/wp\/v2\/product_tag?post=1726696"}],"curies":[{"name":"wp","href":"https:\/\/api.w.org\/{rel}","templated":true}]}}