{"id":1726662,"date":"2025-04-17T02:14:51","date_gmt":"2025-04-17T00:14:51","guid":{"rendered":"https:\/\/streetmarkets.fr\/app\/produit\/jupe-longue-rivka-s25-femme-leopard\/"},"modified":"2025-09-28T02:21:37","modified_gmt":"2025-09-28T00:21:37","slug":"jupe-longue-rivka-s25-femme-leopard","status":"publish","type":"product","link":"https:\/\/streetmarkets.fr\/app\/produit\/jupe-longue-rivka-s25-femme-leopard\/","title":{"rendered":"Jupe Longue Rivka (S25 \/ FEMME \/ Leopard)"},"content":{"rendered":"<p>Jouez la carte de l\u2019audace avec cette jupe longue en satin de soie. Orn\u00e9e d\u2019un imprim\u00e9 l\u00e9opard, elle offre un tomb\u00e9 fluide et \u00e9vas\u00e9. \u00c0 porter de jour et de nuit, elle s&#8217;associe \u00e0 une chemise fluide ou un top court.<\/p>\n<p>&#8211; Jupe longue en satin de soie Femme <br \/>&#8211; Imprim\u00e9 l\u00e9opard<br \/>&#8211; Bas \u00e9vas\u00e9 <br \/>&#8211; Coupe regular<\/p>\n","protected":false},"excerpt":{"rendered":"<p>Jouez la carte de l\u2019audace avec cette jupe longue en satin de soie. Orn\u00e9e d\u2019un imprim\u00e9 l\u00e9opard, elle offre un tomb\u00e9 fluide et \u00e9vas\u00e9. \u00c0 porter de jour et de nuit, elle s&#8217;associe \u00e0 une chemise fluide ou un top court. &#8211; Jupe longue en satin de soie Femme &#8211; Imprim\u00e9 l\u00e9opard&#8211; Bas \u00e9vas\u00e9 &#8211; [&hellip;]<\/p>\n","protected":false},"featured_media":1726663,"comment_status":"open","ping_status":"closed","template":"","meta":[],"product_brand":[6868],"product_cat":[1756,1762],"product_tag":[2244],"acf":[],"_links":{"self":[{"href":"https:\/\/streetmarkets.fr\/app\/wp-json\/wp\/v2\/product\/1726662"}],"collection":[{"href":"https:\/\/streetmarkets.fr\/app\/wp-json\/wp\/v2\/product"}],"about":[{"href":"https:\/\/streetmarkets.fr\/app\/wp-json\/wp\/v2\/types\/product"}],"replies":[{"embeddable":true,"href":"https:\/\/streetmarkets.fr\/app\/wp-json\/wp\/v2\/comments?post=1726662"}],"wp:featuredmedia":[{"embeddable":true,"href":"https:\/\/streetmarkets.fr\/app\/wp-json\/wp\/v2\/media\/1726663"}],"wp:attachment":[{"href":"https:\/\/streetmarkets.fr\/app\/wp-json\/wp\/v2\/media?parent=1726662"}],"wp:term":[{"taxonomy":"product_brand","embeddable":true,"href":"https:\/\/streetmarkets.fr\/app\/wp-json\/wp\/v2\/product_brand?post=1726662"},{"taxonomy":"product_cat","embeddable":true,"href":"https:\/\/streetmarkets.fr\/app\/wp-json\/wp\/v2\/product_cat?post=1726662"},{"taxonomy":"product_tag","embeddable":true,"href":"https:\/\/streetmarkets.fr\/app\/wp-json\/wp\/v2\/product_tag?post=1726662"}],"curies":[{"name":"wp","href":"https:\/\/api.w.org\/{rel}","templated":true}]}}