{"id":1726645,"date":"2025-04-17T02:14:49","date_gmt":"2025-04-17T00:14:49","guid":{"rendered":"https:\/\/streetmarkets.fr\/app\/produit\/jupe-longue-rivka-s25-femme-sunset-yllw-jcq\/"},"modified":"2025-09-11T01:57:47","modified_gmt":"2025-09-10T23:57:47","slug":"jupe-longue-rivka-s25-femme-sunset-yllw-jcq","status":"publish","type":"product","link":"https:\/\/streetmarkets.fr\/app\/produit\/jupe-longue-rivka-s25-femme-sunset-yllw-jcq\/","title":{"rendered":"Jupe Longue Rivka (S25 \/ FEMME \/ Sunset Yllw Jcq)"},"content":{"rendered":"<p>&#8211; Jupe longue en satin de soie Femme<br \/>\n<br \/>&#8211; Jacquard fleuri<br \/>\n<br \/>&#8211; Fermeture zipp\u00e9e sur le c\u00f4t\u00e9<br \/>\n<br \/>&#8211; Bas \u00e9vas\u00e9<br \/>\n<br \/>&#8211; Coupe regular<\/p>\n","protected":false},"excerpt":{"rendered":"<p>&#8211; Jupe longue en satin de soie Femme &#8211; Jacquard fleuri &#8211; Fermeture zipp\u00e9e sur le c\u00f4t\u00e9 &#8211; Bas \u00e9vas\u00e9 &#8211; Coupe regular<\/p>\n","protected":false},"featured_media":1726646,"comment_status":"open","ping_status":"closed","template":"","meta":[],"product_brand":[6868],"product_cat":[1756,1762],"product_tag":[2244],"acf":[],"_links":{"self":[{"href":"https:\/\/streetmarkets.fr\/app\/wp-json\/wp\/v2\/product\/1726645"}],"collection":[{"href":"https:\/\/streetmarkets.fr\/app\/wp-json\/wp\/v2\/product"}],"about":[{"href":"https:\/\/streetmarkets.fr\/app\/wp-json\/wp\/v2\/types\/product"}],"replies":[{"embeddable":true,"href":"https:\/\/streetmarkets.fr\/app\/wp-json\/wp\/v2\/comments?post=1726645"}],"wp:featuredmedia":[{"embeddable":true,"href":"https:\/\/streetmarkets.fr\/app\/wp-json\/wp\/v2\/media\/1726646"}],"wp:attachment":[{"href":"https:\/\/streetmarkets.fr\/app\/wp-json\/wp\/v2\/media?parent=1726645"}],"wp:term":[{"taxonomy":"product_brand","embeddable":true,"href":"https:\/\/streetmarkets.fr\/app\/wp-json\/wp\/v2\/product_brand?post=1726645"},{"taxonomy":"product_cat","embeddable":true,"href":"https:\/\/streetmarkets.fr\/app\/wp-json\/wp\/v2\/product_cat?post=1726645"},{"taxonomy":"product_tag","embeddable":true,"href":"https:\/\/streetmarkets.fr\/app\/wp-json\/wp\/v2\/product_tag?post=1726645"}],"curies":[{"name":"wp","href":"https:\/\/api.w.org\/{rel}","templated":true}]}}