{"id":1726631,"date":"2025-04-17T02:14:48","date_gmt":"2025-04-17T00:14:48","guid":{"rendered":"https:\/\/streetmarkets.fr\/app\/produit\/jupe-longue-naomi-s25-femme-chocolat\/"},"modified":"2025-08-11T01:55:33","modified_gmt":"2025-08-10T23:55:33","slug":"jupe-longue-naomi-s25-femme-chocolat","status":"publish","type":"product","link":"https:\/\/streetmarkets.fr\/app\/produit\/jupe-longue-naomi-s25-femme-chocolat\/","title":{"rendered":"Jupe Longue Naomi (S25 \/ FEMME \/ Chocolat)"},"content":{"rendered":"<p>&#8211; Jupe longue en satin de soie Femme<br \/>\n<br \/>&#8211; Taille \u00e9lastiqu\u00e9e et petit n\u0153ud \u00e0 l&#8217;avant<br \/>\n<br \/>&#8211; Fermeture zipp\u00e9e sur le c\u00f4t\u00e9<br \/>\n<br \/>&#8211; \u00c9vas\u00e9e<br \/>\n<br \/>&#8211; Coupe regular<\/p>\n","protected":false},"excerpt":{"rendered":"<p>&#8211; Jupe longue en satin de soie Femme &#8211; Taille \u00e9lastiqu\u00e9e et petit n\u0153ud \u00e0 l&#8217;avant &#8211; Fermeture zipp\u00e9e sur le c\u00f4t\u00e9 &#8211; \u00c9vas\u00e9e &#8211; Coupe regular<\/p>\n","protected":false},"featured_media":1726632,"comment_status":"open","ping_status":"closed","template":"","meta":[],"product_brand":[6868],"product_cat":[1756,1762],"product_tag":[2244],"acf":[],"_links":{"self":[{"href":"https:\/\/streetmarkets.fr\/app\/wp-json\/wp\/v2\/product\/1726631"}],"collection":[{"href":"https:\/\/streetmarkets.fr\/app\/wp-json\/wp\/v2\/product"}],"about":[{"href":"https:\/\/streetmarkets.fr\/app\/wp-json\/wp\/v2\/types\/product"}],"replies":[{"embeddable":true,"href":"https:\/\/streetmarkets.fr\/app\/wp-json\/wp\/v2\/comments?post=1726631"}],"wp:featuredmedia":[{"embeddable":true,"href":"https:\/\/streetmarkets.fr\/app\/wp-json\/wp\/v2\/media\/1726632"}],"wp:attachment":[{"href":"https:\/\/streetmarkets.fr\/app\/wp-json\/wp\/v2\/media?parent=1726631"}],"wp:term":[{"taxonomy":"product_brand","embeddable":true,"href":"https:\/\/streetmarkets.fr\/app\/wp-json\/wp\/v2\/product_brand?post=1726631"},{"taxonomy":"product_cat","embeddable":true,"href":"https:\/\/streetmarkets.fr\/app\/wp-json\/wp\/v2\/product_cat?post=1726631"},{"taxonomy":"product_tag","embeddable":true,"href":"https:\/\/streetmarkets.fr\/app\/wp-json\/wp\/v2\/product_tag?post=1726631"}],"curies":[{"name":"wp","href":"https:\/\/api.w.org\/{rel}","templated":true}]}}