{"id":1726620,"date":"2025-04-17T02:14:47","date_gmt":"2025-04-17T00:14:47","guid":{"rendered":"https:\/\/streetmarkets.fr\/app\/produit\/jupe-longue-malka-s25-femme-garden-romance\/"},"modified":"2025-09-28T02:21:36","modified_gmt":"2025-09-28T00:21:36","slug":"jupe-longue-malka-s25-femme-garden-romance","status":"publish","type":"product","link":"https:\/\/streetmarkets.fr\/app\/produit\/jupe-longue-malka-s25-femme-garden-romance\/","title":{"rendered":"Jupe Longue Malka (S25 \/ FEMME \/ Garden Romance)"},"content":{"rendered":"<p>&#8211; Jupe longue en satin de soie Femme<br \/>\n<br \/>&#8211; Imprim\u00e9 fleuri<br \/>\n<br \/>&#8211; Fermeture zipp\u00e9e sur le c\u00f4t\u00e9<br \/>\n<br \/>&#8211; Bande de dentelle contrast\u00e9e au bas<br \/>\n<br \/>&#8211; Coupe regular<\/p>\n","protected":false},"excerpt":{"rendered":"<p>&#8211; Jupe longue en satin de soie Femme &#8211; Imprim\u00e9 fleuri &#8211; Fermeture zipp\u00e9e sur le c\u00f4t\u00e9 &#8211; Bande de dentelle contrast\u00e9e au bas &#8211; Coupe regular<\/p>\n","protected":false},"featured_media":1726621,"comment_status":"open","ping_status":"closed","template":"","meta":[],"product_brand":[6868],"product_cat":[1756,1762],"product_tag":[2244],"acf":[],"_links":{"self":[{"href":"https:\/\/streetmarkets.fr\/app\/wp-json\/wp\/v2\/product\/1726620"}],"collection":[{"href":"https:\/\/streetmarkets.fr\/app\/wp-json\/wp\/v2\/product"}],"about":[{"href":"https:\/\/streetmarkets.fr\/app\/wp-json\/wp\/v2\/types\/product"}],"replies":[{"embeddable":true,"href":"https:\/\/streetmarkets.fr\/app\/wp-json\/wp\/v2\/comments?post=1726620"}],"wp:featuredmedia":[{"embeddable":true,"href":"https:\/\/streetmarkets.fr\/app\/wp-json\/wp\/v2\/media\/1726621"}],"wp:attachment":[{"href":"https:\/\/streetmarkets.fr\/app\/wp-json\/wp\/v2\/media?parent=1726620"}],"wp:term":[{"taxonomy":"product_brand","embeddable":true,"href":"https:\/\/streetmarkets.fr\/app\/wp-json\/wp\/v2\/product_brand?post=1726620"},{"taxonomy":"product_cat","embeddable":true,"href":"https:\/\/streetmarkets.fr\/app\/wp-json\/wp\/v2\/product_cat?post=1726620"},{"taxonomy":"product_tag","embeddable":true,"href":"https:\/\/streetmarkets.fr\/app\/wp-json\/wp\/v2\/product_tag?post=1726620"}],"curies":[{"name":"wp","href":"https:\/\/api.w.org\/{rel}","templated":true}]}}