{"id":1707548,"date":"2025-04-13T08:43:12","date_gmt":"2025-04-13T06:43:12","guid":{"rendered":"https:\/\/streetmarkets.fr\/app\/produit\/pantalon-camel-claramonte\/"},"modified":"2026-04-17T08:38:21","modified_gmt":"2026-04-17T06:38:21","slug":"pantalon-camel-claramonte","status":"publish","type":"product","link":"https:\/\/streetmarkets.fr\/app\/produit\/pantalon-camel-claramonte\/","title":{"rendered":"Pantalon camel &#8211; Claramonte"},"content":{"rendered":"<p data-mce-fragment=\"1\">Pantalon \u00e0 rayures, taille haute et jambe large.<\/p>\n<p data-mce-fragment=\"1\">Ce pantalon est \u00e9lastiqu\u00e9 au niveau de la taille, dans le dos.\u00a0\u00a0<\/p>\n<p data-mce-fragment=\"1\"><span data-mce-fragment=\"1\">Guide des tailles : taille S =36, taille M = <\/span><span data-mce-fragment=\"1\">38<\/span><span data-mce-fragment=\"1\"><\/span><\/p>\n<p>Claramonte est une marque fond\u00e9e par 2 designers fran\u00e7ais issus du bureau de design Ts\u00e9Ts\u00e9 et du studio Jean Paul Gauthier, la fabrication est en majorit\u00e9 r\u00e9alis\u00e9e au Maroc.\u00a0<\/p>\n","protected":false},"excerpt":{"rendered":"<p>Pantalon \u00e0 rayures, taille haute et jambe large. Ce pantalon est \u00e9lastiqu\u00e9 au niveau de la taille, dans le dos.\u00a0\u00a0 Guide des tailles : taille S =36, taille M = 38 Claramonte est une marque fond\u00e9e par 2 designers fran\u00e7ais issus du bureau de design Ts\u00e9Ts\u00e9 et du studio Jean Paul Gauthier, la fabrication est [&hellip;]<\/p>\n","protected":false},"featured_media":1707549,"comment_status":"open","ping_status":"closed","template":"","meta":[],"product_brand":[],"product_cat":[1756,1762],"product_tag":[2244],"acf":[],"_links":{"self":[{"href":"https:\/\/streetmarkets.fr\/app\/wp-json\/wp\/v2\/product\/1707548"}],"collection":[{"href":"https:\/\/streetmarkets.fr\/app\/wp-json\/wp\/v2\/product"}],"about":[{"href":"https:\/\/streetmarkets.fr\/app\/wp-json\/wp\/v2\/types\/product"}],"replies":[{"embeddable":true,"href":"https:\/\/streetmarkets.fr\/app\/wp-json\/wp\/v2\/comments?post=1707548"}],"wp:featuredmedia":[{"embeddable":true,"href":"https:\/\/streetmarkets.fr\/app\/wp-json\/wp\/v2\/media\/1707549"}],"wp:attachment":[{"href":"https:\/\/streetmarkets.fr\/app\/wp-json\/wp\/v2\/media?parent=1707548"}],"wp:term":[{"taxonomy":"product_brand","embeddable":true,"href":"https:\/\/streetmarkets.fr\/app\/wp-json\/wp\/v2\/product_brand?post=1707548"},{"taxonomy":"product_cat","embeddable":true,"href":"https:\/\/streetmarkets.fr\/app\/wp-json\/wp\/v2\/product_cat?post=1707548"},{"taxonomy":"product_tag","embeddable":true,"href":"https:\/\/streetmarkets.fr\/app\/wp-json\/wp\/v2\/product_tag?post=1707548"}],"curies":[{"name":"wp","href":"https:\/\/api.w.org\/{rel}","templated":true}]}}