{"id":1695231,"date":"2025-04-11T04:31:34","date_gmt":"2025-04-11T02:31:34","guid":{"rendered":"https:\/\/streetmarkets.fr\/app\/produit\/short-bouclette-epice\/"},"modified":"2026-05-03T04:31:25","modified_gmt":"2026-05-03T02:31:25","slug":"short-bouclette-epice","status":"publish","type":"product","link":"https:\/\/streetmarkets.fr\/app\/produit\/short-bouclette-epice\/","title":{"rendered":"Short bouclette \u00e9pice"},"content":{"rendered":"<p><span>On vous pr\u00e9sente le short en tissu \u00e9ponge, totalement confort et vraiment unique. Avec son c\u00f4t\u00e9 un peu sportswear, il se portera tr\u00e8s bien avec une paire de basket blanche. Il est tr\u00e8s facile de s&#8217;imaginer en bord de plage avec ce short.<\/span><\/p>\n","protected":false},"excerpt":{"rendered":"<p>On vous pr\u00e9sente le short en tissu \u00e9ponge, totalement confort et vraiment unique. Avec son c\u00f4t\u00e9 un peu sportswear, il se portera tr\u00e8s bien avec une paire de basket blanche. Il est tr\u00e8s facile de s&#8217;imaginer en bord de plage avec ce short.<\/p>\n","protected":false},"featured_media":1695232,"comment_status":"open","ping_status":"closed","template":"","meta":[],"product_brand":[],"product_cat":[1756,1758],"product_tag":[1810],"acf":[],"_links":{"self":[{"href":"https:\/\/streetmarkets.fr\/app\/wp-json\/wp\/v2\/product\/1695231"}],"collection":[{"href":"https:\/\/streetmarkets.fr\/app\/wp-json\/wp\/v2\/product"}],"about":[{"href":"https:\/\/streetmarkets.fr\/app\/wp-json\/wp\/v2\/types\/product"}],"replies":[{"embeddable":true,"href":"https:\/\/streetmarkets.fr\/app\/wp-json\/wp\/v2\/comments?post=1695231"}],"wp:featuredmedia":[{"embeddable":true,"href":"https:\/\/streetmarkets.fr\/app\/wp-json\/wp\/v2\/media\/1695232"}],"wp:attachment":[{"href":"https:\/\/streetmarkets.fr\/app\/wp-json\/wp\/v2\/media?parent=1695231"}],"wp:term":[{"taxonomy":"product_brand","embeddable":true,"href":"https:\/\/streetmarkets.fr\/app\/wp-json\/wp\/v2\/product_brand?post=1695231"},{"taxonomy":"product_cat","embeddable":true,"href":"https:\/\/streetmarkets.fr\/app\/wp-json\/wp\/v2\/product_cat?post=1695231"},{"taxonomy":"product_tag","embeddable":true,"href":"https:\/\/streetmarkets.fr\/app\/wp-json\/wp\/v2\/product_tag?post=1695231"}],"curies":[{"name":"wp","href":"https:\/\/api.w.org\/{rel}","templated":true}]}}